{"id":690,"date":"2023-03-24T15:21:53","date_gmt":"2023-03-24T15:21:53","guid":{"rendered":"https:\/\/neuronthemes.com\/amore\/?page_id=690"},"modified":"2024-02-13T13:30:54","modified_gmt":"2024-02-13T13:30:54","slug":"studio-home","status":"publish","type":"page","link":"https:\/\/janvosahlo.com\/index.php\/studio-home\/","title":{"rendered":"Studio Home"},"content":{"rendered":"\t\t<div data-elementor-type=\"wp-page\" data-elementor-id=\"690\" class=\"elementor elementor-690\" data-elementor-post-type=\"page\">\n\t\t\t\t\t\t<section class=\"elementor-section elementor-top-section elementor-element elementor-element-45c79ec elementor-section-boxed elementor-section-height-default elementor-section-height-default\" data-id=\"45c79ec\" data-element_type=\"section\" data-settings=\"{&quot;background_background&quot;:&quot;classic&quot;}\">\n\t\t\t\t\t\t<div class=\"elementor-container elementor-column-gap-no\">\n\t\t\t\t\t<div class=\"elementor-column elementor-col-100 elementor-top-column elementor-element elementor-element-af8d139\" data-id=\"af8d139\" data-element_type=\"column\">\n\t\t\t<div class=\"elementor-widget-wrap elementor-element-populated\">\n\t\t\t\t\t\t<div class=\"elementor-element elementor-element-6e22b3a a-animated-heading__direction-column a-animated-heading__direction-tablet-column elementor-widget elementor-widget-neuron-animated-heading\" data-id=\"6e22b3a\" data-element_type=\"widget\" data-settings=\"{&quot;animated_text&quot;:&quot;Wedding Portfolio\\nHappy Memories Portfolio&quot;,&quot;style&quot;:&quot;animated&quot;,&quot;animated_type&quot;:&quot;line&quot;,&quot;animated_animation&quot;:&quot;h-neuron-animation--slideUp&quot;,&quot;neuron_animations_duration&quot;:&quot;animated&quot;,&quot;animation_delay&quot;:200}\" data-widget_type=\"neuron-animated-heading.default\">\n\t\t\t\t<div class=\"elementor-widget-container\">\n\t\t\t\t\t<h3 class=\"a-animated-heading a-animated-heading--animated a-animated-heading--animated__line\" data-id=\"6e22b3a\">\r\n\r\n\t\t\t\r\n\t\t\t<span class=\"a-animated-heading__text--dynamic-wrapper a-animated-heading__text\"><\/span>\r\n\r\n\t\t\t\r\n\t\t<\/h3>\r\n\t\t\t\t<\/div>\n\t\t\t\t<\/div>\n\t\t\t\t<div class=\"elementor-element elementor-element-2122676 elementor-align-center elementor-widget elementor-widget-button\" data-id=\"2122676\" data-element_type=\"widget\" data-widget_type=\"button.default\">\n\t\t\t\t<div class=\"elementor-widget-container\">\n\t\t\t\t\t<div class=\"elementor-button-wrapper\">\n\t\t\t<a class=\"elementor-button elementor-button-link elementor-size-sm\" href=\"https:\/\/neuronthemes.com\/amore\/standard-list\" target=\"_blank\" rel=\"noopener\">\n\t\t\t\t\t\t<span class=\"elementor-button-content-wrapper\">\n\t\t\t\t\t\t<span class=\"elementor-button-text\">View All<\/span>\n\t\t<\/span>\n\t\t\t\t\t<\/a>\n\t\t<\/div>\n\t\t\t\t<\/div>\n\t\t\t\t<\/div>\n\t\t\t\t<div class=\"elementor-element elementor-element-2706813 m-neuron-posts--layout-masonry l-neuron-grid-wrapper--columns__3 l-neuron-grid-wrapper-tablet--columns__2 l-neuron-grid-wrapper-mobile--columns__1 elementor-invisible elementor-widget elementor-widget-neuron-posts\" data-id=\"2706813\" data-element_type=\"widget\" data-settings=\"{&quot;layout&quot;:&quot;masonry&quot;,&quot;row_gap&quot;:{&quot;unit&quot;:&quot;px&quot;,&quot;size&quot;:100,&quot;sizes&quot;:[]},&quot;row_gap_tablet&quot;:{&quot;unit&quot;:&quot;px&quot;,&quot;size&quot;:40,&quot;sizes&quot;:[]},&quot;columns&quot;:&quot;3&quot;,&quot;columns_tablet&quot;:&quot;2&quot;,&quot;columns_mobile&quot;:&quot;1&quot;,&quot;carousel&quot;:&quot;no&quot;,&quot;pagination&quot;:&quot;none&quot;,&quot;row_gap_mobile&quot;:{&quot;unit&quot;:&quot;px&quot;,&quot;size&quot;:&quot;&quot;,&quot;sizes&quot;:[]},&quot;animation&quot;:&quot;yes&quot;,&quot;neuron_animations&quot;:&quot;h-neuron-animation--slideUp&quot;,&quot;neuron_animations_duration&quot;:&quot;animated&quot;,&quot;animation_delay&quot;:0}\" data-widget_type=\"neuron-posts.default\">\n\t\t\t\t<div class=\"elementor-widget-container\">\n\t\t\t\t\t\t\t\t\t<div class=\"l-neuron-grid\" data-masonry-id=\"29e674b48964e80ca94c07bfc5cdee9e\">\r\n\t\t\t\t\t\t\t\t\t\t\t\t<article class=\"l-neuron-grid__item h-neuron-animation--wow m-neuron-post post-2177 portfolio type-portfolio status-publish has-post-thumbnail hentry portfolio_category-svatbebni-pribehy\" data-id=\"2177\">\r\n\t\t\t\t\t\t\t\t<div class=\"m-neuron-post__inner m-neuron-post__inner--classic\">\r\n        \r\n        <a class=\"m-neuron-post__thumbnail--link\" style=\"padding-bottom: 67%;\" href=\"https:\/\/janvosahlo.com\/index.php\/portfolio\/niky-david\/\"><div class=\"m-neuron-post__thumbnail\"><img fetchpriority=\"high\" decoding=\"async\" width=\"1500\" height=\"1000\" src=\"https:\/\/janvosahlo.com\/wp-content\/uploads\/2024\/02\/IMG_4728-Edit.jpg\" class=\"attachment-full size-full wp-post-image\" alt=\"\" srcset=\"https:\/\/janvosahlo.com\/wp-content\/uploads\/2024\/02\/IMG_4728-Edit.jpg 1500w, https:\/\/janvosahlo.com\/wp-content\/uploads\/2024\/02\/IMG_4728-Edit-300x200.jpg 300w, https:\/\/janvosahlo.com\/wp-content\/uploads\/2024\/02\/IMG_4728-Edit-1024x683.jpg 1024w, https:\/\/janvosahlo.com\/wp-content\/uploads\/2024\/02\/IMG_4728-Edit-768x512.jpg 768w\" sizes=\"(max-width: 1500px) 100vw, 1500px\" \/><\/div><\/a><span class=\"m-neuron-post__meta-data\"> <span class=\"terms\"> <a href=\"https:\/\/janvosahlo.com\/index.php\/portfolio_category\/svatbebni-pribehy\/\">Svatebn\u00ed p\u0159\u00edb\u011bh<\/a><\/span> <\/span><h5 class=\"m-neuron-post__title\"><a href=\"https:\/\/janvosahlo.com\/index.php\/portfolio\/niky-david\/\">Svatebn\u00ed p\u0159\u00edb\u011bh Nikoly a Davida<\/a><\/h5>        \r\n    <\/div>\t\t\t\t\t\t\t<\/article>\r\n\t\t\t\t\t\t\t\t\t\t\t\t\t\t<article class=\"l-neuron-grid__item h-neuron-animation--wow m-neuron-post post-2161 portfolio type-portfolio status-publish has-post-thumbnail hentry portfolio_category-svatbebni-pribehy\" data-id=\"2161\">\r\n\t\t\t\t\t\t\t\t<div class=\"m-neuron-post__inner m-neuron-post__inner--classic\">\r\n        \r\n        <a class=\"m-neuron-post__thumbnail--link\" style=\"padding-bottom: 67%;\" href=\"https:\/\/janvosahlo.com\/index.php\/portfolio\/anna-misa\/\"><div class=\"m-neuron-post__thumbnail\"><img decoding=\"async\" width=\"1500\" height=\"1000\" src=\"https:\/\/janvosahlo.com\/wp-content\/uploads\/2024\/03\/IMG_8581.jpg\" class=\"attachment-full size-full wp-post-image\" alt=\"\" srcset=\"https:\/\/janvosahlo.com\/wp-content\/uploads\/2024\/03\/IMG_8581.jpg 1500w, https:\/\/janvosahlo.com\/wp-content\/uploads\/2024\/03\/IMG_8581-300x200.jpg 300w, https:\/\/janvosahlo.com\/wp-content\/uploads\/2024\/03\/IMG_8581-1024x683.jpg 1024w, https:\/\/janvosahlo.com\/wp-content\/uploads\/2024\/03\/IMG_8581-768x512.jpg 768w\" sizes=\"(max-width: 1500px) 100vw, 1500px\" \/><\/div><\/a><span class=\"m-neuron-post__meta-data\"> <span class=\"terms\"> <a href=\"https:\/\/janvosahlo.com\/index.php\/portfolio_category\/svatbebni-pribehy\/\">Svatebn\u00ed p\u0159\u00edb\u011bh<\/a><\/span> <\/span><h5 class=\"m-neuron-post__title\"><a href=\"https:\/\/janvosahlo.com\/index.php\/portfolio\/anna-misa\/\">Svatebn\u00ed p\u0159\u00edb\u011bh Ani\u010dky a M\u00ed\u0161i<\/a><\/h5>        \r\n    <\/div>\t\t\t\t\t\t\t<\/article>\r\n\t\t\t\t\t\t\t\t\t\t\t\t\t\t<article class=\"l-neuron-grid__item h-neuron-animation--wow m-neuron-post post-2625 portfolio type-portfolio status-publish has-post-thumbnail hentry portfolio_category-svatbebni-pribehy\" data-id=\"2625\">\r\n\t\t\t\t\t\t\t\t<div class=\"m-neuron-post__inner m-neuron-post__inner--classic\">\r\n        \r\n        <a class=\"m-neuron-post__thumbnail--link\" style=\"padding-bottom: 67%;\" href=\"https:\/\/janvosahlo.com\/index.php\/portfolio\/anicky-a-milana\/\"><div class=\"m-neuron-post__thumbnail\"><img decoding=\"async\" width=\"1500\" height=\"1000\" src=\"https:\/\/janvosahlo.com\/wp-content\/uploads\/2024\/03\/Svatba_Anicka_Milan_Litomysl-175.jpg\" class=\"attachment-full size-full wp-post-image\" alt=\"\" srcset=\"https:\/\/janvosahlo.com\/wp-content\/uploads\/2024\/03\/Svatba_Anicka_Milan_Litomysl-175.jpg 1500w, https:\/\/janvosahlo.com\/wp-content\/uploads\/2024\/03\/Svatba_Anicka_Milan_Litomysl-175-300x200.jpg 300w, https:\/\/janvosahlo.com\/wp-content\/uploads\/2024\/03\/Svatba_Anicka_Milan_Litomysl-175-1024x683.jpg 1024w, https:\/\/janvosahlo.com\/wp-content\/uploads\/2024\/03\/Svatba_Anicka_Milan_Litomysl-175-768x512.jpg 768w\" sizes=\"(max-width: 1500px) 100vw, 1500px\" \/><\/div><\/a><span class=\"m-neuron-post__meta-data\"> <span class=\"terms\"> <a href=\"https:\/\/janvosahlo.com\/index.php\/portfolio_category\/svatbebni-pribehy\/\">Svatebn\u00ed p\u0159\u00edb\u011bh<\/a><\/span> <\/span><h5 class=\"m-neuron-post__title\"><a href=\"https:\/\/janvosahlo.com\/index.php\/portfolio\/anicky-a-milana\/\">Svatebn\u00ed p\u0159\u00edb\u011bh Ani\u010dky a Milana<\/a><\/h5>        \r\n    <\/div>\t\t\t\t\t\t\t<\/article>\r\n\t\t\t\t\t\t\t\t\t\t\t\t\t\t<article class=\"l-neuron-grid__item h-neuron-animation--wow m-neuron-post post-104 portfolio type-portfolio status-publish has-post-thumbnail hentry portfolio_category-wedding\" data-id=\"104\">\r\n\t\t\t\t\t\t\t\t<div class=\"m-neuron-post__inner m-neuron-post__inner--classic\">\r\n        \r\n        <a class=\"m-neuron-post__thumbnail--link\" style=\"padding-bottom: 67%;\" href=\"https:\/\/janvosahlo.com\/index.php\/portfolio\/love-in-motion\/\"><div class=\"m-neuron-post__thumbnail\"><img loading=\"lazy\" decoding=\"async\" width=\"2560\" height=\"1707\" src=\"https:\/\/janvosahlo.com\/wp-content\/uploads\/2024\/02\/IMG_1145-1-scaled.jpg\" class=\"attachment-full size-full wp-post-image\" alt=\"\" srcset=\"https:\/\/janvosahlo.com\/wp-content\/uploads\/2024\/02\/IMG_1145-1-scaled.jpg 2560w, https:\/\/janvosahlo.com\/wp-content\/uploads\/2024\/02\/IMG_1145-1-300x200.jpg 300w, https:\/\/janvosahlo.com\/wp-content\/uploads\/2024\/02\/IMG_1145-1-1024x683.jpg 1024w, https:\/\/janvosahlo.com\/wp-content\/uploads\/2024\/02\/IMG_1145-1-768x512.jpg 768w, https:\/\/janvosahlo.com\/wp-content\/uploads\/2024\/02\/IMG_1145-1-1536x1024.jpg 1536w, https:\/\/janvosahlo.com\/wp-content\/uploads\/2024\/02\/IMG_1145-1-2048x1365.jpg 2048w\" sizes=\"(max-width: 2560px) 100vw, 2560px\" \/><\/div><\/a><span class=\"m-neuron-post__meta-data\"> <span class=\"terms\"> <a href=\"https:\/\/janvosahlo.com\/index.php\/portfolio_category\/wedding\/\">Wedding<\/a><\/span> <\/span><h5 class=\"m-neuron-post__title\"><a href=\"https:\/\/janvosahlo.com\/index.php\/portfolio\/love-in-motion\/\">Pod\u00edvej se, jak fot\u00edm svatby<\/a><\/h5>        \r\n    <\/div>\t\t\t\t\t\t\t<\/article>\r\n\t\t\t\t\t\t\t\t\t\t\t\t\t\t<article class=\"l-neuron-grid__item h-neuron-animation--wow m-neuron-post post-100 portfolio type-portfolio status-publish has-post-thumbnail hentry portfolio_category-wedding\" data-id=\"100\">\r\n\t\t\t\t\t\t\t\t<div class=\"m-neuron-post__inner m-neuron-post__inner--classic\">\r\n        \r\n        <a class=\"m-neuron-post__thumbnail--link\" style=\"padding-bottom: 67%;\" href=\"https:\/\/janvosahlo.com\/index.php\/portfolio\/ruby-jackson\/\"><div class=\"m-neuron-post__thumbnail\"><img loading=\"lazy\" decoding=\"async\" width=\"1500\" height=\"1000\" src=\"https:\/\/janvosahlo.com\/wp-content\/uploads\/2022\/03\/5E9A6134-Edit.jpg\" class=\"attachment-full size-full wp-post-image\" alt=\"\" srcset=\"https:\/\/janvosahlo.com\/wp-content\/uploads\/2022\/03\/5E9A6134-Edit.jpg 1500w, https:\/\/janvosahlo.com\/wp-content\/uploads\/2022\/03\/5E9A6134-Edit-300x200.jpg 300w, https:\/\/janvosahlo.com\/wp-content\/uploads\/2022\/03\/5E9A6134-Edit-1024x683.jpg 1024w, https:\/\/janvosahlo.com\/wp-content\/uploads\/2022\/03\/5E9A6134-Edit-768x512.jpg 768w\" sizes=\"(max-width: 1500px) 100vw, 1500px\" \/><\/div><\/a><span class=\"m-neuron-post__meta-data\"> <span class=\"terms\"> <a href=\"https:\/\/janvosahlo.com\/index.php\/portfolio_category\/wedding\/\">Wedding<\/a><\/span> <\/span><h5 class=\"m-neuron-post__title\"><a href=\"https:\/\/janvosahlo.com\/index.php\/portfolio\/ruby-jackson\/\">Pod\u00edvej se, jak fot\u00edm portr\u00e9ty<\/a><\/h5>        \r\n    <\/div>\t\t\t\t\t\t\t<\/article>\r\n\t\t\t\t\t\t\t\t\t\t\t\t\t\t<article class=\"l-neuron-grid__item h-neuron-animation--wow m-neuron-post post-98 portfolio type-portfolio status-publish has-post-thumbnail hentry portfolio_category-wedding\" data-id=\"98\">\r\n\t\t\t\t\t\t\t\t<div class=\"m-neuron-post__inner m-neuron-post__inner--classic\">\r\n        \r\n        <a class=\"m-neuron-post__thumbnail--link\" style=\"padding-bottom: 67%;\" href=\"https:\/\/janvosahlo.com\/index.php\/portfolio\/saying-i-do\/\"><div class=\"m-neuron-post__thumbnail\"><img loading=\"lazy\" decoding=\"async\" width=\"1755\" height=\"1170\" src=\"https:\/\/janvosahlo.com\/wp-content\/uploads\/2023\/03\/img-36.jpg\" class=\"attachment-full size-full wp-post-image\" alt=\"\" srcset=\"https:\/\/janvosahlo.com\/wp-content\/uploads\/2023\/03\/img-36.jpg 1755w, https:\/\/janvosahlo.com\/wp-content\/uploads\/2023\/03\/img-36-300x200.jpg 300w, https:\/\/janvosahlo.com\/wp-content\/uploads\/2023\/03\/img-36-1024x683.jpg 1024w, https:\/\/janvosahlo.com\/wp-content\/uploads\/2023\/03\/img-36-768x512.jpg 768w, https:\/\/janvosahlo.com\/wp-content\/uploads\/2023\/03\/img-36-1536x1024.jpg 1536w\" sizes=\"(max-width: 1755px) 100vw, 1755px\" \/><\/div><\/a><span class=\"m-neuron-post__meta-data\"> <span class=\"terms\"> <a href=\"https:\/\/janvosahlo.com\/index.php\/portfolio_category\/wedding\/\">Wedding<\/a><\/span> <\/span><h5 class=\"m-neuron-post__title\"><a href=\"https:\/\/janvosahlo.com\/index.php\/portfolio\/saying-i-do\/\">Pod\u00edvej se, jak fot\u00edm eventy<\/a><\/h5>        \r\n    <\/div>\t\t\t\t\t\t\t<\/article>\r\n\t\t\t\t\t\t\t\t\t\t\t\t\t\t<article class=\"l-neuron-grid__item h-neuron-animation--wow m-neuron-post post-2860 portfolio type-portfolio status-publish has-post-thumbnail hentry portfolio_category-portret portfolio_tag-portrety\" data-id=\"2860\">\r\n\t\t\t\t\t\t\t\t<div class=\"m-neuron-post__inner m-neuron-post__inner--classic\">\r\n        \r\n        <a class=\"m-neuron-post__thumbnail--link\" style=\"padding-bottom: 67%;\" href=\"https:\/\/janvosahlo.com\/index.php\/portfolio\/portrety\/\"><div class=\"m-neuron-post__thumbnail\"><img loading=\"lazy\" decoding=\"async\" width=\"2048\" height=\"1366\" src=\"https:\/\/janvosahlo.com\/wp-content\/uploads\/2023\/03\/387477693_3771205173109378_4381102759503563572_n.jpg\" class=\"attachment-full size-full wp-post-image\" alt=\"\" srcset=\"https:\/\/janvosahlo.com\/wp-content\/uploads\/2023\/03\/387477693_3771205173109378_4381102759503563572_n.jpg 2048w, https:\/\/janvosahlo.com\/wp-content\/uploads\/2023\/03\/387477693_3771205173109378_4381102759503563572_n-300x200.jpg 300w, https:\/\/janvosahlo.com\/wp-content\/uploads\/2023\/03\/387477693_3771205173109378_4381102759503563572_n-1024x683.jpg 1024w, https:\/\/janvosahlo.com\/wp-content\/uploads\/2023\/03\/387477693_3771205173109378_4381102759503563572_n-768x512.jpg 768w, https:\/\/janvosahlo.com\/wp-content\/uploads\/2023\/03\/387477693_3771205173109378_4381102759503563572_n-1536x1025.jpg 1536w\" sizes=\"(max-width: 2048px) 100vw, 2048px\" \/><\/div><\/a><span class=\"m-neuron-post__meta-data\"> <span class=\"terms\"> <a href=\"https:\/\/janvosahlo.com\/index.php\/portfolio_category\/portret\/\">Portr\u00e9t<\/a><\/span> <\/span><h5 class=\"m-neuron-post__title\"><a href=\"https:\/\/janvosahlo.com\/index.php\/portfolio\/portrety\/\">Portr\u00e9ty<\/a><\/h5>        \r\n    <\/div>\t\t\t\t\t\t\t<\/article>\r\n\t\t\t\t\t\t\t\t\t\t\t<\/div>\r\n\t\t\t\r\n\t\t\t\t<\/div>\n\t\t\t\t<\/div>\n\t\t\t\t\t<\/div>\n\t\t<\/div>\n\t\t\t\t\t<\/div>\n\t\t<\/section>\n\t\t\t\t<\/div>\n\t\t","protected":false},"excerpt":{"rendered":"<p>View All Photoshoot Soulmates for Life Engagement Sienna &amp; Liam Wedding Clara &amp; Gabriel Photoshoot The Perfect Day Engagement Love in Motion Wedding Bella &amp; Mason Photoshoot Ruby &#038; Jackson Engagement Saying &#8216;I Do&#8217; Wedding Emma &amp; Daniel Photoshoot Love in Bloom Engagement Forever and Always Wedding Kaelin &amp; Aria<\/p>\n","protected":false},"author":1,"featured_media":0,"parent":0,"menu_order":0,"comment_status":"closed","ping_status":"closed","template":"","meta":{"footnotes":""},"_links":{"self":[{"href":"https:\/\/janvosahlo.com\/index.php\/wp-json\/wp\/v2\/pages\/690"}],"collection":[{"href":"https:\/\/janvosahlo.com\/index.php\/wp-json\/wp\/v2\/pages"}],"about":[{"href":"https:\/\/janvosahlo.com\/index.php\/wp-json\/wp\/v2\/types\/page"}],"author":[{"embeddable":true,"href":"https:\/\/janvosahlo.com\/index.php\/wp-json\/wp\/v2\/users\/1"}],"replies":[{"embeddable":true,"href":"https:\/\/janvosahlo.com\/index.php\/wp-json\/wp\/v2\/comments?post=690"}],"version-history":[{"count":1,"href":"https:\/\/janvosahlo.com\/index.php\/wp-json\/wp\/v2\/pages\/690\/revisions"}],"predecessor-version":[{"id":1439,"href":"https:\/\/janvosahlo.com\/index.php\/wp-json\/wp\/v2\/pages\/690\/revisions\/1439"}],"wp:attachment":[{"href":"https:\/\/janvosahlo.com\/index.php\/wp-json\/wp\/v2\/media?parent=690"}],"curies":[{"name":"wp","href":"https:\/\/api.w.org\/{rel}","templated":true}]}}