{"id":665,"date":"2023-03-24T12:24:57","date_gmt":"2023-03-24T12:24:57","guid":{"rendered":"https:\/\/neuronthemes.com\/amore\/?page_id=665"},"modified":"2026-05-02T18:14:34","modified_gmt":"2026-05-02T18:14:34","slug":"index","status":"publish","type":"page","link":"https:\/\/janvosahlo.com\/","title":{"rendered":"Fotograf Jan Vos\u00e1hlo"},"content":{"rendered":"\t\t<div data-elementor-type=\"wp-page\" data-elementor-id=\"665\" class=\"elementor elementor-665\" data-elementor-post-type=\"page\">\n\t\t\t\t<div class=\"elementor-element elementor-element-2439489 e-con-full e-flex e-con e-parent\" data-id=\"2439489\" data-element_type=\"container\" data-settings=\"{&quot;content_width&quot;:&quot;full&quot;}\" data-core-v316-plus=\"true\">\n\t\t<div class=\"elementor-element elementor-element-b9980ea e-con-full e-flex e-con e-child\" data-id=\"b9980ea\" data-element_type=\"container\" data-settings=\"{&quot;content_width&quot;:&quot;full&quot;}\">\n\t\t\t\t<div class=\"elementor-element elementor-element-1cfe94b elementor-widget elementor-widget-heading\" data-id=\"1cfe94b\" data-element_type=\"widget\" data-widget_type=\"heading.default\">\n\t\t\t\t<div class=\"elementor-widget-container\">\n\t\t\t<style>\/*! elementor - v3.19.0 - 28-02-2024 *\/\n.elementor-heading-title{padding:0;margin:0;line-height:1}.elementor-widget-heading .elementor-heading-title[class*=elementor-size-]>a{color:inherit;font-size:inherit;line-height:inherit}.elementor-widget-heading .elementor-heading-title.elementor-size-small{font-size:15px}.elementor-widget-heading .elementor-heading-title.elementor-size-medium{font-size:19px}.elementor-widget-heading .elementor-heading-title.elementor-size-large{font-size:29px}.elementor-widget-heading .elementor-heading-title.elementor-size-xl{font-size:39px}.elementor-widget-heading .elementor-heading-title.elementor-size-xxl{font-size:59px}<\/style><h2 class=\"elementor-heading-title elementor-size-default\">Ahoj! Jsem Honza,<br>svatebn\u00ed a portr\u00e9tn\u00ed<br>fotograf<\/h2>\t\t<\/div>\n\t\t\t\t<\/div>\n\t\t\t\t<div class=\"elementor-element elementor-element-bc9be08 elementor-widget elementor-widget-text-editor\" data-id=\"bc9be08\" data-element_type=\"widget\" data-widget_type=\"text-editor.default\">\n\t\t\t\t<div class=\"elementor-widget-container\">\n\t\t\t<style>\/*! elementor - v3.19.0 - 28-02-2024 *\/\n.elementor-widget-text-editor.elementor-drop-cap-view-stacked .elementor-drop-cap{background-color:#69727d;color:#fff}.elementor-widget-text-editor.elementor-drop-cap-view-framed .elementor-drop-cap{color:#69727d;border:3px solid;background-color:transparent}.elementor-widget-text-editor:not(.elementor-drop-cap-view-default) .elementor-drop-cap{margin-top:8px}.elementor-widget-text-editor:not(.elementor-drop-cap-view-default) .elementor-drop-cap-letter{width:1em;height:1em}.elementor-widget-text-editor .elementor-drop-cap{float:left;text-align:center;line-height:1;font-size:50px}.elementor-widget-text-editor .elementor-drop-cap-letter{display:inline-block}<\/style>\t\t\t\t<p>Poch\u00e1z\u00edm ze \u0160umperka, m\u011bste\u010dka le\u017e\u00edc\u00edho na okraji kr\u00e1sn\u00fdch Jesen\u00edk\u016f a za svou prac\u00ed r\u00e1d jezd\u00edm do v\u0161ech kout\u016f na\u0161\u00ed zem\u011b, ale i zahrani\u010d\u00ed. Budu r\u00e1d, kdy\u017e se pod\u00edv\u00e1te na m\u00e9 portfolio, p\u0159\u00edpadn\u011b p\u0159e\u010dtete reference m\u00fdch klient\u016f.<\/p>\t\t\t\t\t\t<\/div>\n\t\t\t\t<\/div>\n\t\t\t\t<div class=\"elementor-element elementor-element-92a2b3a elementor-align-center elementor-widget elementor-widget-button\" data-id=\"92a2b3a\" data-element_type=\"widget\" data-widget_type=\"button.default\">\n\t\t\t\t<div class=\"elementor-widget-container\">\n\t\t\t\t\t<div class=\"elementor-button-wrapper\">\n\t\t\t<a class=\"elementor-button elementor-button-link elementor-size-sm\" href=\"\/index.php\/svatby\">\n\t\t\t\t\t\t<span class=\"elementor-button-content-wrapper\">\n\t\t\t\t\t\t<span class=\"elementor-button-text\">Portfolio<\/span>\n\t\t<\/span>\n\t\t\t\t\t<\/a>\n\t\t<\/div>\n\t\t\t\t<\/div>\n\t\t\t\t<\/div>\n\t\t\t\t<\/div>\n\t\t<div class=\"elementor-element elementor-element-f70aced e-con-full e-flex e-con e-child\" data-id=\"f70aced\" data-element_type=\"container\" data-settings=\"{&quot;content_width&quot;:&quot;full&quot;}\">\n\t\t\t\t<div class=\"elementor-element elementor-element-f6950ac elementor-widget elementor-widget-image\" data-id=\"f6950ac\" data-element_type=\"widget\" data-widget_type=\"image.default\">\n\t\t\t\t<div class=\"elementor-widget-container\">\n\t\t\t<style>\/*! elementor - v3.19.0 - 28-02-2024 *\/\n.elementor-widget-image{text-align:center}.elementor-widget-image a{display:inline-block}.elementor-widget-image a img[src$=\".svg\"]{width:48px}.elementor-widget-image img{vertical-align:middle;display:inline-block}<\/style>\t\t\t\t\t\t\t\t\t\t<img fetchpriority=\"high\" decoding=\"async\" width=\"683\" height=\"1024\" src=\"https:\/\/janvosahlo.com\/wp-content\/uploads\/2024\/03\/CAM18601-683x1024.jpg\" class=\"attachment-large size-large wp-image-2933\" alt=\"\" srcset=\"https:\/\/janvosahlo.com\/wp-content\/uploads\/2024\/03\/CAM18601-683x1024.jpg 683w, https:\/\/janvosahlo.com\/wp-content\/uploads\/2024\/03\/CAM18601-200x300.jpg 200w, https:\/\/janvosahlo.com\/wp-content\/uploads\/2024\/03\/CAM18601-768x1152.jpg 768w, https:\/\/janvosahlo.com\/wp-content\/uploads\/2024\/03\/CAM18601.jpg 1000w\" sizes=\"(max-width: 683px) 100vw, 683px\" \/>\t\t\t\t\t\t\t\t\t\t\t\t\t<\/div>\n\t\t\t\t<\/div>\n\t\t\t\t<\/div>\n\t\t<div class=\"elementor-element elementor-element-9b475ba e-con-full e-flex e-con e-child\" data-id=\"9b475ba\" data-element_type=\"container\" data-settings=\"{&quot;content_width&quot;:&quot;full&quot;}\">\n\t\t\t\t<div class=\"elementor-element elementor-element-eadf2f8 elementor-widget elementor-widget-image\" data-id=\"eadf2f8\" data-element_type=\"widget\" data-widget_type=\"image.default\">\n\t\t\t\t<div class=\"elementor-widget-container\">\n\t\t\t\t\t\t\t\t\t\t\t\t\t<img decoding=\"async\" width=\"683\" height=\"1024\" src=\"https:\/\/janvosahlo.com\/wp-content\/uploads\/2024\/02\/CAM11366-1-683x1024.png\" class=\"attachment-large size-large wp-image-2124\" alt=\"\" srcset=\"https:\/\/janvosahlo.com\/wp-content\/uploads\/2024\/02\/CAM11366-1-683x1024.png 683w, https:\/\/janvosahlo.com\/wp-content\/uploads\/2024\/02\/CAM11366-1-200x300.png 200w, https:\/\/janvosahlo.com\/wp-content\/uploads\/2024\/02\/CAM11366-1-768x1152.png 768w, https:\/\/janvosahlo.com\/wp-content\/uploads\/2024\/02\/CAM11366-1.png 1000w\" sizes=\"(max-width: 683px) 100vw, 683px\" \/>\t\t\t\t\t\t\t\t\t\t\t\t\t<\/div>\n\t\t\t\t<\/div>\n\t\t\t\t<\/div>\n\t\t\t\t<\/div>\n\t\t<div class=\"elementor-element elementor-element-64111d3 e-con-full e-flex e-con e-parent\" data-id=\"64111d3\" data-element_type=\"container\" data-settings=\"{&quot;content_width&quot;:&quot;full&quot;}\" data-core-v316-plus=\"true\">\n\t\t\t\t<div class=\"elementor-element elementor-element-a0d4a79 elementor-widget elementor-widget-heading\" data-id=\"a0d4a79\" data-element_type=\"widget\" data-widget_type=\"heading.default\">\n\t\t\t\t<div class=\"elementor-widget-container\">\n\t\t\t<h2 class=\"elementor-heading-title elementor-size-default\">Dovolte mi <em1>zachytit<\/em1><br>va\u0161e jedine\u010dn\u00e9 \u017eivotn\u00ed p\u0159\u00edb\u011bhy<\/h2>\t\t<\/div>\n\t\t\t\t<\/div>\n\t\t\t\t<div class=\"elementor-element elementor-element-a0c092c elementor-align-center elementor-widget elementor-widget-button\" data-id=\"a0c092c\" data-element_type=\"widget\" data-widget_type=\"button.default\">\n\t\t\t\t<div class=\"elementor-widget-container\">\n\t\t\t\t\t<div class=\"elementor-button-wrapper\">\n\t\t\t<a class=\"elementor-button elementor-button-link elementor-size-sm\" href=\"\/index.php\/kontakt\">\n\t\t\t\t\t\t<span class=\"elementor-button-content-wrapper\">\n\t\t\t\t\t\t<span class=\"elementor-button-text\">Rezervujte si sv\u016fj term\u00edn<\/span>\n\t\t<\/span>\n\t\t\t\t\t<\/a>\n\t\t<\/div>\n\t\t\t\t<\/div>\n\t\t\t\t<\/div>\n\t\t\t\t<div class=\"elementor-element elementor-element-e9af526 m-neuron-portfolio__overlay--active m-neuron-portfolio__overlay--color l-neuron-grid-wrapper--columns__3 l-neuron-grid-wrapper-tablet--columns__2 l-neuron-grid-wrapper-mobile--columns__1 m-neuron-posts--layout-grid m-neuron-portfolio--hover-translate elementor-invisible elementor-widget elementor-widget-neuron-portfolio\" data-id=\"e9af526\" data-element_type=\"widget\" data-settings=\"{&quot;row_gap&quot;:{&quot;unit&quot;:&quot;px&quot;,&quot;size&quot;:80,&quot;sizes&quot;:[]},&quot;row_gap_mobile&quot;:{&quot;unit&quot;:&quot;px&quot;,&quot;size&quot;:40,&quot;sizes&quot;:[]},&quot;columns&quot;:&quot;3&quot;,&quot;columns_tablet&quot;:&quot;2&quot;,&quot;columns_mobile&quot;:&quot;1&quot;,&quot;layout&quot;:&quot;grid&quot;,&quot;pagination&quot;:&quot;none&quot;,&quot;row_gap_tablet&quot;:{&quot;unit&quot;:&quot;px&quot;,&quot;size&quot;:&quot;&quot;,&quot;sizes&quot;:[]},&quot;animation&quot;:&quot;yes&quot;,&quot;neuron_animations&quot;:&quot;h-neuron-animation--slideUp&quot;,&quot;neuron_animations_duration&quot;:&quot;animated&quot;,&quot;animation_delay&quot;:0,&quot;hover_animation&quot;:&quot;translate&quot;}\" data-widget_type=\"neuron-portfolio.default\">\n\t\t\t\t<div class=\"elementor-widget-container\">\n\t\t\t\t\t\r\n\t\t\t\t<div class=\"l-neuron-grid\" data-masonry-id=\"53409b5cca746e9364a570dac8276be1\">\r\n\t\t\t\t\t\t\t\t\t\t\t\t<article class=\"l-neuron-grid__item h-neuron-animation--wow m-neuron-portfolio m-neuron-post post-104 portfolio type-portfolio status-publish has-post-thumbnail hentry portfolio_category-wedding\" data-id=\"104\">\r\n\t\t\t\t\t\t\t\t<div class=\"m-neuron-post__thumbnail--link m-neuron-portfolio__thumbnail--link\" >\r\n\t\t\t\t\t\t\t\t\t<a class=\"m-neuron-portfolio__link\" href=\"https:\/\/janvosahlo.com\/index.php\/portfolio\/love-in-motion\/\"><\/a>\r\n\t\t\t\t\t\t\t\t\t<div class=\"m-neuron-post__thumbnail m-neuron-portfolio__thumbnail\"><img decoding=\"async\" width=\"2560\" height=\"1707\" src=\"https:\/\/janvosahlo.com\/wp-content\/uploads\/2024\/02\/IMG_1145-1-scaled.jpg\" class=\"attachment-full size-full wp-post-image\" alt=\"\" srcset=\"https:\/\/janvosahlo.com\/wp-content\/uploads\/2024\/02\/IMG_1145-1-scaled.jpg 2560w, https:\/\/janvosahlo.com\/wp-content\/uploads\/2024\/02\/IMG_1145-1-300x200.jpg 300w, https:\/\/janvosahlo.com\/wp-content\/uploads\/2024\/02\/IMG_1145-1-1024x683.jpg 1024w, https:\/\/janvosahlo.com\/wp-content\/uploads\/2024\/02\/IMG_1145-1-768x512.jpg 768w, https:\/\/janvosahlo.com\/wp-content\/uploads\/2024\/02\/IMG_1145-1-1536x1024.jpg 1536w, https:\/\/janvosahlo.com\/wp-content\/uploads\/2024\/02\/IMG_1145-1-2048x1365.jpg 2048w\" sizes=\"(max-width: 2560px) 100vw, 2560px\" \/><\/div>\t\t\t\t\t\t\t\t\t<div class=\"m-neuron-portfolio__overlay\">\r\n\t\t\t\t\t\t\t\t\t\t<h3 class=\"m-neuron-portfolio__title\">Pod\u00edvej se, jak fot\u00edm svatby<\/h3>\t\t\t\t\t\t\t\t\t<\/div>\r\n\t\t\t\t\t\t\t\t<\/div>\r\n\t\t\t\t\t\t\t\t\t\t\t\t\t\t\t<\/article>\r\n\t\t\t\t\t\t\t\t\t\t\t\t\t\t<article class=\"l-neuron-grid__item h-neuron-animation--wow m-neuron-portfolio m-neuron-post post-100 portfolio type-portfolio status-publish has-post-thumbnail hentry portfolio_category-wedding\" data-id=\"100\">\r\n\t\t\t\t\t\t\t\t<div class=\"m-neuron-post__thumbnail--link m-neuron-portfolio__thumbnail--link\" >\r\n\t\t\t\t\t\t\t\t\t<a class=\"m-neuron-portfolio__link\" href=\"https:\/\/janvosahlo.com\/index.php\/portfolio\/ruby-jackson\/\"><\/a>\r\n\t\t\t\t\t\t\t\t\t<div class=\"m-neuron-post__thumbnail m-neuron-portfolio__thumbnail\"><img loading=\"lazy\" decoding=\"async\" width=\"1500\" height=\"1000\" src=\"https:\/\/janvosahlo.com\/wp-content\/uploads\/2022\/03\/5E9A6134-Edit.jpg\" class=\"attachment-full size-full wp-post-image\" alt=\"\" srcset=\"https:\/\/janvosahlo.com\/wp-content\/uploads\/2022\/03\/5E9A6134-Edit.jpg 1500w, https:\/\/janvosahlo.com\/wp-content\/uploads\/2022\/03\/5E9A6134-Edit-300x200.jpg 300w, https:\/\/janvosahlo.com\/wp-content\/uploads\/2022\/03\/5E9A6134-Edit-1024x683.jpg 1024w, https:\/\/janvosahlo.com\/wp-content\/uploads\/2022\/03\/5E9A6134-Edit-768x512.jpg 768w\" sizes=\"(max-width: 1500px) 100vw, 1500px\" \/><\/div>\t\t\t\t\t\t\t\t\t<div class=\"m-neuron-portfolio__overlay\">\r\n\t\t\t\t\t\t\t\t\t\t<h3 class=\"m-neuron-portfolio__title\">Pod\u00edvej se, jak fot\u00edm portr\u00e9ty<\/h3>\t\t\t\t\t\t\t\t\t<\/div>\r\n\t\t\t\t\t\t\t\t<\/div>\r\n\t\t\t\t\t\t\t\t\t\t\t\t\t\t\t<\/article>\r\n\t\t\t\t\t\t\t\t\t\t\t\t\t\t<article class=\"l-neuron-grid__item h-neuron-animation--wow m-neuron-portfolio m-neuron-post post-98 portfolio type-portfolio status-publish has-post-thumbnail hentry portfolio_category-wedding\" data-id=\"98\">\r\n\t\t\t\t\t\t\t\t<div class=\"m-neuron-post__thumbnail--link m-neuron-portfolio__thumbnail--link\" >\r\n\t\t\t\t\t\t\t\t\t<a class=\"m-neuron-portfolio__link\" href=\"https:\/\/janvosahlo.com\/index.php\/portfolio\/saying-i-do\/\"><\/a>\r\n\t\t\t\t\t\t\t\t\t<div class=\"m-neuron-post__thumbnail m-neuron-portfolio__thumbnail\"><img loading=\"lazy\" decoding=\"async\" width=\"1755\" height=\"1170\" src=\"https:\/\/janvosahlo.com\/wp-content\/uploads\/2023\/03\/img-36.jpg\" class=\"attachment-full size-full wp-post-image\" alt=\"\" srcset=\"https:\/\/janvosahlo.com\/wp-content\/uploads\/2023\/03\/img-36.jpg 1755w, https:\/\/janvosahlo.com\/wp-content\/uploads\/2023\/03\/img-36-300x200.jpg 300w, https:\/\/janvosahlo.com\/wp-content\/uploads\/2023\/03\/img-36-1024x683.jpg 1024w, https:\/\/janvosahlo.com\/wp-content\/uploads\/2023\/03\/img-36-768x512.jpg 768w, https:\/\/janvosahlo.com\/wp-content\/uploads\/2023\/03\/img-36-1536x1024.jpg 1536w\" sizes=\"(max-width: 1755px) 100vw, 1755px\" \/><\/div>\t\t\t\t\t\t\t\t\t<div class=\"m-neuron-portfolio__overlay\">\r\n\t\t\t\t\t\t\t\t\t\t<h3 class=\"m-neuron-portfolio__title\">Pod\u00edvej se, jak fot\u00edm eventy<\/h3>\t\t\t\t\t\t\t\t\t<\/div>\r\n\t\t\t\t\t\t\t\t<\/div>\r\n\t\t\t\t\t\t\t\t\t\t\t\t\t\t\t<\/article>\r\n\t\t\t\t\t\t\t\t\t\t\t<\/div>\r\n\r\n\t\t\t\r\n\t\t\t\t<\/div>\n\t\t\t\t<\/div>\n\t\t\t\t<\/div>\n\t\t<div class=\"elementor-element elementor-element-e0c4197 elementor-hidden-desktop elementor-hidden-tablet e-flex e-con-boxed e-con e-parent\" data-id=\"e0c4197\" data-element_type=\"container\" data-settings=\"{&quot;content_width&quot;:&quot;boxed&quot;}\" data-core-v316-plus=\"true\">\n\t\t\t\t\t<div class=\"e-con-inner\">\n\t\t\t\t<div class=\"elementor-element elementor-element-d18cff4 elementor-widget elementor-widget-spacer\" data-id=\"d18cff4\" data-element_type=\"widget\" data-widget_type=\"spacer.default\">\n\t\t\t\t<div class=\"elementor-widget-container\">\n\t\t\t<style>\/*! elementor - v3.19.0 - 28-02-2024 *\/\n.elementor-column .elementor-spacer-inner{height:var(--spacer-size)}.e-con{--container-widget-width:100%}.e-con-inner>.elementor-widget-spacer,.e-con>.elementor-widget-spacer{width:var(--container-widget-width,var(--spacer-size));--align-self:var(--container-widget-align-self,initial);--flex-shrink:0}.e-con-inner>.elementor-widget-spacer>.elementor-widget-container,.e-con>.elementor-widget-spacer>.elementor-widget-container{height:100%;width:100%}.e-con-inner>.elementor-widget-spacer>.elementor-widget-container>.elementor-spacer,.e-con>.elementor-widget-spacer>.elementor-widget-container>.elementor-spacer{height:100%}.e-con-inner>.elementor-widget-spacer>.elementor-widget-container>.elementor-spacer>.elementor-spacer-inner,.e-con>.elementor-widget-spacer>.elementor-widget-container>.elementor-spacer>.elementor-spacer-inner{height:var(--container-widget-height,var(--spacer-size))}.e-con-inner>.elementor-widget-spacer.elementor-widget-empty,.e-con>.elementor-widget-spacer.elementor-widget-empty{position:relative;min-height:22px;min-width:22px}.e-con-inner>.elementor-widget-spacer.elementor-widget-empty .elementor-widget-empty-icon,.e-con>.elementor-widget-spacer.elementor-widget-empty .elementor-widget-empty-icon{position:absolute;top:0;bottom:0;left:0;right:0;margin:auto;padding:0;width:22px;height:22px}<\/style>\t\t<div class=\"elementor-spacer\">\n\t\t\t<div class=\"elementor-spacer-inner\"><\/div>\n\t\t<\/div>\n\t\t\t\t<\/div>\n\t\t\t\t<\/div>\n\t\t\t\t<div class=\"elementor-element elementor-element-80724f9 elementor-widget elementor-widget-spacer\" data-id=\"80724f9\" data-element_type=\"widget\" data-widget_type=\"spacer.default\">\n\t\t\t\t<div class=\"elementor-widget-container\">\n\t\t\t\t\t<div class=\"elementor-spacer\">\n\t\t\t<div class=\"elementor-spacer-inner\"><\/div>\n\t\t<\/div>\n\t\t\t\t<\/div>\n\t\t\t\t<\/div>\n\t\t\t\t\t<\/div>\n\t\t\t\t<\/div>\n\t\t<div class=\"elementor-element elementor-element-3df130c e-con-full elementor-hidden-desktop elementor-hidden-tablet elementor-hidden-mobile e-flex e-con e-parent\" data-id=\"3df130c\" data-element_type=\"container\" data-settings=\"{&quot;content_width&quot;:&quot;full&quot;,&quot;background_background&quot;:&quot;classic&quot;}\" data-core-v316-plus=\"true\">\n\t\t\t\t<div class=\"elementor-element elementor-element-98d1f33 elementor-widget elementor-widget-heading\" data-id=\"98d1f33\" data-element_type=\"widget\" data-widget_type=\"heading.default\">\n\t\t\t\t<div class=\"elementor-widget-container\">\n\t\t\t<p class=\"elementor-heading-title elementor-size-default\">Honzu jsme si vybrali pro focen\u00ed na\u0161\u00ed svatby a mus\u00edm \u0159\u00edct, \u017ee jsme byli nadm\u00edru spokojen\u00ed. Honza byl profesion\u00e1ln\u00ed, zodpov\u011bdn\u00fd a p\u0159\u00e1telsk\u00fd. Komunikace sn\u00edm byla od za\u010d\u00e1tku zcela bez probl\u00e9mu. Na v\u0161em jsme se domluvili a byl tak\u00e9 v\u017edy ochotn\u00fd poradit, kdy\u017e jsme si nebyli s n\u011b\u010d\u00edm jist\u00ed. Fotografie byly zpracov\u00e1ny velmi rychle a jsme s nimi opravdu velmi spokojen\u00ed. Honzu m\u016f\u017eeme doporu\u010dit v\u0161ema deseti. D\u011bkujeme, Honzo, \u017ee jsi n\u00e1\u0161 den ud\u011blal nezapomenuteln\u00fdm!!!<\/p>\t\t<\/div>\n\t\t\t\t<\/div>\n\t\t\t\t<div class=\"elementor-element elementor-element-6a7a3a5 elementor-widget elementor-widget-heading\" data-id=\"6a7a3a5\" data-element_type=\"widget\" data-widget_type=\"heading.default\">\n\t\t\t\t<div class=\"elementor-widget-container\">\n\t\t\t<p class=\"elementor-heading-title elementor-size-default\">Tereza Be\u010dicov\u00e1<\/p>\t\t<\/div>\n\t\t\t\t<\/div>\n\t\t\t\t<div class=\"elementor-element elementor-element-d8c24bf elementor-align-center elementor-widget elementor-widget-button\" data-id=\"d8c24bf\" data-element_type=\"widget\" data-widget_type=\"button.default\">\n\t\t\t\t<div class=\"elementor-widget-container\">\n\t\t\t\t\t<div class=\"elementor-button-wrapper\">\n\t\t\t<a class=\"elementor-button elementor-button-link elementor-size-sm\" href=\"\/index.php\/reference\">\n\t\t\t\t\t\t<span class=\"elementor-button-content-wrapper\">\n\t\t\t\t\t\t<span class=\"elementor-button-text\">Reference<\/span>\n\t\t<\/span>\n\t\t\t\t\t<\/a>\n\t\t<\/div>\n\t\t\t\t<\/div>\n\t\t\t\t<\/div>\n\t\t\t\t<\/div>\n\t\t<div class=\"elementor-element elementor-element-260c097 e-flex e-con-boxed e-con e-parent\" data-id=\"260c097\" data-element_type=\"container\" data-settings=\"{&quot;content_width&quot;:&quot;boxed&quot;}\" data-core-v316-plus=\"true\">\n\t\t\t\t\t<div class=\"e-con-inner\">\n\t\t\t\t\t<\/div>\n\t\t\t\t<\/div>\n\t\t<div class=\"elementor-element elementor-element-fd13a86 e-flex e-con-boxed e-con e-parent\" data-id=\"fd13a86\" data-element_type=\"container\" data-settings=\"{&quot;content_width&quot;:&quot;boxed&quot;}\" data-core-v316-plus=\"true\">\n\t\t\t\t\t<div class=\"e-con-inner\">\n\t\t<div class=\"elementor-element elementor-element-82fc6db e-con-full e-flex e-con e-child\" data-id=\"82fc6db\" data-element_type=\"container\" data-settings=\"{&quot;content_width&quot;:&quot;full&quot;}\">\n\t\t\t\t<div class=\"elementor-element elementor-element-f261d17 elementor-widget elementor-widget-heading\" data-id=\"f261d17\" data-element_type=\"widget\" data-widget_type=\"heading.default\">\n\t\t\t\t<div class=\"elementor-widget-container\">\n\t\t\t<h2 class=\"elementor-heading-title elementor-size-default\">Focen\u00ed portr\u00e9t\u016f v p\u0159\u00edrod\u011b i interi\u00e9ru, na kter\u00e9 nezapomenete<\/h2>\t\t<\/div>\n\t\t\t\t<\/div>\n\t\t\t\t<div class=\"elementor-element elementor-element-0db270e elementor-widget elementor-widget-text-editor\" data-id=\"0db270e\" data-element_type=\"widget\" data-widget_type=\"text-editor.default\">\n\t\t\t\t<div class=\"elementor-widget-container\">\n\t\t\t\t\t\t\t<p>A\u0165 u\u017e spolu vyraz\u00edme na Va\u0161e obl\u00edben\u00e9 m\u00edsto do p\u0159\u00edrody, na kter\u00e9 m\u00e1te kr\u00e1sn\u00e9 vzpom\u00ednky. Nap\u0159\u00edklad Va\u0161e prvn\u00ed spole\u010dn\u00e9 rande, nebo se sem jen r\u00e1di vrac\u00edte pozorovat z\u00e1pad slunce. A nebo pro V\u00e1s je komfortn\u011bj\u0161\u00ed prost\u0159ed\u00ed p\u0159\u00edmo u V\u00e1s doma a nebo v ateli\u00e9ru, tak v\u017edy s fotografi\u00ed dostaneme maximum a ur\u010dit\u011b si tu chv\u00edli v p\u0159\u00edrod\u011b a nebo u v interi\u00e9ru u\u017eijeme.\u00a0<\/p>\t\t\t\t\t\t<\/div>\n\t\t\t\t<\/div>\n\t\t\t\t<\/div>\n\t\t<div class=\"elementor-element elementor-element-195f5cc e-con-full e-flex e-con e-child\" data-id=\"195f5cc\" data-element_type=\"container\" data-settings=\"{&quot;content_width&quot;:&quot;full&quot;}\">\n\t\t\t\t<div class=\"elementor-element elementor-element-7bad2ca elementor-widget elementor-widget-image\" data-id=\"7bad2ca\" data-element_type=\"widget\" data-widget_type=\"image.default\">\n\t\t\t\t<div class=\"elementor-widget-container\">\n\t\t\t\t\t\t\t\t\t\t\t\t\t<img loading=\"lazy\" decoding=\"async\" width=\"683\" height=\"1024\" src=\"https:\/\/janvosahlo.com\/wp-content\/uploads\/2025\/02\/CAM28540-683x1024.jpg\" class=\"attachment-large size-large wp-image-3258\" alt=\"\" srcset=\"https:\/\/janvosahlo.com\/wp-content\/uploads\/2025\/02\/CAM28540-683x1024.jpg 683w, https:\/\/janvosahlo.com\/wp-content\/uploads\/2025\/02\/CAM28540-200x300.jpg 200w, https:\/\/janvosahlo.com\/wp-content\/uploads\/2025\/02\/CAM28540-768x1152.jpg 768w, https:\/\/janvosahlo.com\/wp-content\/uploads\/2025\/02\/CAM28540-1024x1536.jpg 1024w, https:\/\/janvosahlo.com\/wp-content\/uploads\/2025\/02\/CAM28540-1366x2048.jpg 1366w, https:\/\/janvosahlo.com\/wp-content\/uploads\/2025\/02\/CAM28540.jpg 1667w\" sizes=\"(max-width: 683px) 100vw, 683px\" \/>\t\t\t\t\t\t\t\t\t\t\t\t\t<\/div>\n\t\t\t\t<\/div>\n\t\t\t\t<\/div>\n\t\t<div class=\"elementor-element elementor-element-33bd8b5 e-con-full e-flex e-con e-child\" data-id=\"33bd8b5\" data-element_type=\"container\" data-settings=\"{&quot;content_width&quot;:&quot;full&quot;}\">\n\t\t\t\t<div class=\"elementor-element elementor-element-6d898e4 elementor-widget elementor-widget-image\" data-id=\"6d898e4\" data-element_type=\"widget\" data-widget_type=\"image.default\">\n\t\t\t\t<div class=\"elementor-widget-container\">\n\t\t\t\t\t\t\t\t\t\t\t\t\t<img loading=\"lazy\" decoding=\"async\" width=\"683\" height=\"1024\" src=\"https:\/\/janvosahlo.com\/wp-content\/uploads\/2025\/02\/CAM24974-Edit-683x1024.jpg\" class=\"attachment-large size-large wp-image-3257\" alt=\"\" srcset=\"https:\/\/janvosahlo.com\/wp-content\/uploads\/2025\/02\/CAM24974-Edit-683x1024.jpg 683w, https:\/\/janvosahlo.com\/wp-content\/uploads\/2025\/02\/CAM24974-Edit-200x300.jpg 200w, https:\/\/janvosahlo.com\/wp-content\/uploads\/2025\/02\/CAM24974-Edit-768x1152.jpg 768w, https:\/\/janvosahlo.com\/wp-content\/uploads\/2025\/02\/CAM24974-Edit-1024x1536.jpg 1024w, https:\/\/janvosahlo.com\/wp-content\/uploads\/2025\/02\/CAM24974-Edit-1365x2048.jpg 1365w, https:\/\/janvosahlo.com\/wp-content\/uploads\/2025\/02\/CAM24974-Edit-scaled.jpg 1706w\" sizes=\"(max-width: 683px) 100vw, 683px\" \/>\t\t\t\t\t\t\t\t\t\t\t\t\t<\/div>\n\t\t\t\t<\/div>\n\t\t\t\t<\/div>\n\t\t\t\t\t<\/div>\n\t\t\t\t<\/div>\n\t\t\t\t<\/div>\n\t\t","protected":false},"excerpt":{"rendered":"<p>Ahoj! Jsem Honza,svatebn\u00ed a portr\u00e9tn\u00edfotograf Poch\u00e1z\u00edm ze \u0160umperka, m\u011bste\u010dka le\u017e\u00edc\u00edho na okraji kr\u00e1sn\u00fdch Jesen\u00edk\u016f a za svou prac\u00ed r\u00e1d jezd\u00edm do v\u0161ech kout\u016f na\u0161\u00ed zem\u011b, ale i zahrani\u010d\u00ed. Budu r\u00e1d, kdy\u017e se pod\u00edv\u00e1te na m\u00e9 portfolio, p\u0159\u00edpadn\u011b p\u0159e\u010dtete reference m\u00fdch klient\u016f. Portfolio Dovolte mi zachytitva\u0161e jedine\u010dn\u00e9 \u017eivotn\u00ed p\u0159\u00edb\u011bhy Rezervujte si sv\u016fj term\u00edn Svatebn\u00ed p\u0159\u00edb\u011bh Soulmates&#8230;<\/p>\n","protected":false},"author":1,"featured_media":0,"parent":0,"menu_order":0,"comment_status":"closed","ping_status":"closed","template":"","meta":{"footnotes":""},"_links":{"self":[{"href":"https:\/\/janvosahlo.com\/index.php\/wp-json\/wp\/v2\/pages\/665"}],"collection":[{"href":"https:\/\/janvosahlo.com\/index.php\/wp-json\/wp\/v2\/pages"}],"about":[{"href":"https:\/\/janvosahlo.com\/index.php\/wp-json\/wp\/v2\/types\/page"}],"author":[{"embeddable":true,"href":"https:\/\/janvosahlo.com\/index.php\/wp-json\/wp\/v2\/users\/1"}],"replies":[{"embeddable":true,"href":"https:\/\/janvosahlo.com\/index.php\/wp-json\/wp\/v2\/comments?post=665"}],"version-history":[{"count":645,"href":"https:\/\/janvosahlo.com\/index.php\/wp-json\/wp\/v2\/pages\/665\/revisions"}],"predecessor-version":[{"id":6085,"href":"https:\/\/janvosahlo.com\/index.php\/wp-json\/wp\/v2\/pages\/665\/revisions\/6085"}],"wp:attachment":[{"href":"https:\/\/janvosahlo.com\/index.php\/wp-json\/wp\/v2\/media?parent=665"}],"curies":[{"name":"wp","href":"https:\/\/api.w.org\/{rel}","templated":true}]}}