{"id":4854,"date":"2025-03-19T07:03:01","date_gmt":"2025-03-19T07:03:01","guid":{"rendered":"https:\/\/janvosahlo.com\/?page_id=4854"},"modified":"2025-03-19T12:10:08","modified_gmt":"2025-03-19T12:10:08","slug":"blog","status":"publish","type":"page","link":"https:\/\/janvosahlo.com\/index.php\/blog\/","title":{"rendered":"Blog"},"content":{"rendered":"\t\t<div data-elementor-type=\"wp-page\" data-elementor-id=\"4854\" class=\"elementor elementor-4854\" data-elementor-post-type=\"page\">\n\t\t\t\t<div class=\"elementor-element elementor-element-7167209 e-con-full e-flex e-con e-parent\" data-id=\"7167209\" data-element_type=\"container\" data-settings=\"{&quot;content_width&quot;:&quot;full&quot;}\" data-core-v316-plus=\"true\">\n\t\t<div class=\"elementor-element elementor-element-19ea24c1 e-con-full e-flex e-con e-child\" data-id=\"19ea24c1\" data-element_type=\"container\" data-settings=\"{&quot;content_width&quot;:&quot;full&quot;}\">\n\t\t\t\t<div class=\"elementor-element elementor-element-6b75adcd elementor-widget elementor-widget-heading\" data-id=\"6b75adcd\" data-element_type=\"widget\" data-widget_type=\"heading.default\">\n\t\t\t\t<div class=\"elementor-widget-container\">\n\t\t\t<style>\/*! elementor - v3.19.0 - 28-02-2024 *\/\n.elementor-heading-title{padding:0;margin:0;line-height:1}.elementor-widget-heading .elementor-heading-title[class*=elementor-size-]>a{color:inherit;font-size:inherit;line-height:inherit}.elementor-widget-heading .elementor-heading-title.elementor-size-small{font-size:15px}.elementor-widget-heading .elementor-heading-title.elementor-size-medium{font-size:19px}.elementor-widget-heading .elementor-heading-title.elementor-size-large{font-size:29px}.elementor-widget-heading .elementor-heading-title.elementor-size-xl{font-size:39px}.elementor-widget-heading .elementor-heading-title.elementor-size-xxl{font-size:59px}<\/style><h2 class=\"elementor-heading-title elementor-size-default\">Nejnov\u011bj\u0161\u00ed p\u0159\u00edsp\u011bvky<\/h2>\t\t<\/div>\n\t\t\t\t<\/div>\n\t\t\t\t<\/div>\n\t\t<div class=\"elementor-element elementor-element-2115cb5c e-con-full elementor-hidden-tablet elementor-hidden-mobile e-flex e-con e-child\" data-id=\"2115cb5c\" data-element_type=\"container\" data-settings=\"{&quot;content_width&quot;:&quot;full&quot;}\">\n\t\t\t\t<\/div>\n\t\t<div class=\"elementor-element elementor-element-2450c2b9 e-con-full elementor-hidden-tablet elementor-hidden-mobile e-flex e-con e-child\" data-id=\"2450c2b9\" data-element_type=\"container\" data-settings=\"{&quot;content_width&quot;:&quot;full&quot;}\">\n\t\t\t\t<\/div>\n\t\t\t\t<\/div>\n\t\t<div class=\"elementor-element elementor-element-6b6581d e-con-full e-flex e-con e-parent\" data-id=\"6b6581d\" data-element_type=\"container\" data-settings=\"{&quot;content_width&quot;:&quot;full&quot;}\" data-core-v316-plus=\"true\">\n\t\t\t\t<div class=\"elementor-element elementor-element-b403f4c l-neuron-grid-wrapper--columns__2 l-neuron-grid-wrapper-tablet--columns__2 l-neuron-grid-wrapper-mobile--columns__1 m-neuron-posts--thumbnail-top m-neuron-posts--layout-grid elementor-invisible elementor-widget elementor-widget-neuron-posts\" data-id=\"b403f4c\" data-element_type=\"widget\" data-settings=\"{&quot;columns&quot;:&quot;2&quot;,&quot;row_gap&quot;:{&quot;unit&quot;:&quot;%&quot;,&quot;size&quot;:10,&quot;sizes&quot;:[]},&quot;row_gap_tablet&quot;:{&quot;unit&quot;:&quot;%&quot;,&quot;size&quot;:&quot;&quot;,&quot;sizes&quot;:[]},&quot;row_gap_mobile&quot;:{&quot;unit&quot;:&quot;%&quot;,&quot;size&quot;:&quot;&quot;,&quot;sizes&quot;:[]},&quot;columns_tablet&quot;:&quot;2&quot;,&quot;columns_mobile&quot;:&quot;1&quot;,&quot;carousel&quot;:&quot;no&quot;,&quot;layout&quot;:&quot;grid&quot;,&quot;pagination&quot;:&quot;none&quot;,&quot;animation&quot;:&quot;yes&quot;,&quot;neuron_animations&quot;:&quot;h-neuron-animation--slideUp&quot;,&quot;neuron_animations_duration&quot;:&quot;animated&quot;,&quot;animation_delay&quot;:0}\" data-widget_type=\"neuron-posts.default\">\n\t\t\t\t<div class=\"elementor-widget-container\">\n\t\t\t\t\t\t\t\t\t<div class=\"l-neuron-grid\" data-masonry-id=\"f9fa3ad09e629989a2e26fda37e11701\">\r\n\t\t\t\t\t\t\t\t\t\t\t\t<article class=\"l-neuron-grid__item h-neuron-animation--wow m-neuron-post post-1 post type-post status-publish format-standard has-post-thumbnail hentry category-svatebni-foceni\" data-id=\"1\">\r\n\t\t\t\t\t\t\t\t<div class=\"m-neuron-post__inner m-neuron-post__inner--classic\">\r\n        \r\n        <span class=\"m-neuron-post__meta-data\"> <span class=\"date\"> 19 b\u0159ezna, 2024<\/span> <\/span><h3 class=\"m-neuron-post__title\"><a href=\"https:\/\/janvosahlo.com\/index.php\/2024\/03\/19\/3-duvody-predsvatebni-foceni\/\">3 hlavn\u00ed d\u016fvody, pro\u010d pot\u0159ebuje\u0161 p\u0159edsvatebn\u00ed fotky.\u200b<\/a><\/h3><a class=\"m-neuron-post__thumbnail--link\"  href=\"https:\/\/janvosahlo.com\/index.php\/2024\/03\/19\/3-duvody-predsvatebni-foceni\/\"><div class=\"m-neuron-post__thumbnail\"><img fetchpriority=\"high\" decoding=\"async\" width=\"1024\" height=\"682\" src=\"https:\/\/janvosahlo.com\/wp-content\/uploads\/2024\/02\/51992722700_36e43cc4d5_k-1-1024x682.jpg\" class=\"attachment-large size-large wp-post-image\" alt=\"\" srcset=\"https:\/\/janvosahlo.com\/wp-content\/uploads\/2024\/02\/51992722700_36e43cc4d5_k-1-1024x682.jpg 1024w, https:\/\/janvosahlo.com\/wp-content\/uploads\/2024\/02\/51992722700_36e43cc4d5_k-1-300x200.jpg 300w, https:\/\/janvosahlo.com\/wp-content\/uploads\/2024\/02\/51992722700_36e43cc4d5_k-1-768x512.jpg 768w, https:\/\/janvosahlo.com\/wp-content\/uploads\/2024\/02\/51992722700_36e43cc4d5_k-1-1536x1023.jpg 1536w, https:\/\/janvosahlo.com\/wp-content\/uploads\/2024\/02\/51992722700_36e43cc4d5_k-1.jpg 1600w\" sizes=\"(max-width: 1024px) 100vw, 1024px\" \/><\/div><\/a>        \r\n    <\/div>\t\t\t\t\t\t\t<\/article>\r\n\t\t\t\t\t\t\t\t\t\t\t\t\t\t<article class=\"l-neuron-grid__item h-neuron-animation--wow m-neuron-post post-5099 post type-post status-publish format-standard has-post-thumbnail hentry category-blog\" data-id=\"5099\">\r\n\t\t\t\t\t\t\t\t<div class=\"m-neuron-post__inner m-neuron-post__inner--classic\">\r\n        \r\n        <span class=\"m-neuron-post__meta-data\"> <span class=\"date\"> 18 b\u0159ezna, 2024<\/span> <\/span><h3 class=\"m-neuron-post__title\"><a href=\"https:\/\/janvosahlo.com\/index.php\/2024\/03\/18\/proc-mit-prskavky-na-svoji-svatbe\/\">Pro\u010d m\u00edt prskavky na svoji svatb\u011b<\/a><\/h3><a class=\"m-neuron-post__thumbnail--link\"  href=\"https:\/\/janvosahlo.com\/index.php\/2024\/03\/18\/proc-mit-prskavky-na-svoji-svatbe\/\"><div class=\"m-neuron-post__thumbnail\"><img decoding=\"async\" width=\"1024\" height=\"683\" src=\"https:\/\/janvosahlo.com\/wp-content\/uploads\/2024\/03\/Svatba_Anicka_Milan_Litomysl-219-1024x683.jpg\" class=\"attachment-large size-large wp-post-image\" alt=\"\" srcset=\"https:\/\/janvosahlo.com\/wp-content\/uploads\/2024\/03\/Svatba_Anicka_Milan_Litomysl-219-1024x683.jpg 1024w, https:\/\/janvosahlo.com\/wp-content\/uploads\/2024\/03\/Svatba_Anicka_Milan_Litomysl-219-300x200.jpg 300w, https:\/\/janvosahlo.com\/wp-content\/uploads\/2024\/03\/Svatba_Anicka_Milan_Litomysl-219-768x512.jpg 768w, https:\/\/janvosahlo.com\/wp-content\/uploads\/2024\/03\/Svatba_Anicka_Milan_Litomysl-219.jpg 1500w\" sizes=\"(max-width: 1024px) 100vw, 1024px\" \/><\/div><\/a>        \r\n    <\/div>\t\t\t\t\t\t\t<\/article>\r\n\t\t\t\t\t\t\t\t\t\t\t\t\t\t<article class=\"l-neuron-grid__item h-neuron-animation--wow m-neuron-post post-5140 post type-post status-publish format-standard has-post-thumbnail hentry category-blog\" data-id=\"5140\">\r\n\t\t\t\t\t\t\t\t<div class=\"m-neuron-post__inner m-neuron-post__inner--classic\">\r\n        \r\n        <span class=\"m-neuron-post__meta-data\"> <span class=\"date\"> 17 b\u0159ezna, 2024<\/span> <\/span><h3 class=\"m-neuron-post__title\"><a href=\"https:\/\/janvosahlo.com\/index.php\/2024\/03\/17\/caste-otazky-ke-svatebnimu-foceni\/\">8 nej\u010dast\u011bj\u0161\u00edch ot\u00e1zek ke svatebn\u00edmu focen\u00ed<\/a><\/h3><a class=\"m-neuron-post__thumbnail--link\"  href=\"https:\/\/janvosahlo.com\/index.php\/2024\/03\/17\/caste-otazky-ke-svatebnimu-foceni\/\"><div class=\"m-neuron-post__thumbnail\"><img decoding=\"async\" width=\"1024\" height=\"683\" src=\"https:\/\/janvosahlo.com\/wp-content\/uploads\/2025\/02\/CAM17604-1024x683.jpg\" class=\"attachment-large size-large wp-post-image\" alt=\"\" srcset=\"https:\/\/janvosahlo.com\/wp-content\/uploads\/2025\/02\/CAM17604-1024x683.jpg 1024w, https:\/\/janvosahlo.com\/wp-content\/uploads\/2025\/02\/CAM17604-300x200.jpg 300w, https:\/\/janvosahlo.com\/wp-content\/uploads\/2025\/02\/CAM17604-768x512.jpg 768w, https:\/\/janvosahlo.com\/wp-content\/uploads\/2025\/02\/CAM17604-1536x1024.jpg 1536w, https:\/\/janvosahlo.com\/wp-content\/uploads\/2025\/02\/CAM17604-2048x1365.jpg 2048w\" sizes=\"(max-width: 1024px) 100vw, 1024px\" \/><\/div><\/a>        \r\n    <\/div>\t\t\t\t\t\t\t<\/article>\r\n\t\t\t\t\t\t\t\t\t\t\t<\/div>\r\n\t\t\t\r\n\t\t\t\t<\/div>\n\t\t\t\t<\/div>\n\t\t\t\t<\/div>\n\t\t\t\t<\/div>\n\t\t","protected":false},"excerpt":{"rendered":"<p>Nejnov\u011bj\u0161\u00ed p\u0159\u00edsp\u011bvky 19 b\u0159ezna, 2024 3 hlavn\u00ed d\u016fvody, pro\u010d pot\u0159ebuje\u0161 p\u0159edsvatebn\u00ed fotky.\u200b 18 b\u0159ezna, 2024 Pro\u010d m\u00edt prskavky na svoji svatb\u011b 17 b\u0159ezna, 2024 8 va\u0161ich nej\u010dast\u011bj\u0161\u00edch ot\u00e1zek ke svatebn\u00edmu focen\u00ed 14 b\u0159ezna, 2023 The train was forty-seven minutes late. 14 b\u0159ezna, 2023 I gave the students a chance to say a few words too&#8230;<\/p>\n","protected":false},"author":1,"featured_media":0,"parent":0,"menu_order":0,"comment_status":"closed","ping_status":"closed","template":"","meta":{"footnotes":""},"_links":{"self":[{"href":"https:\/\/janvosahlo.com\/index.php\/wp-json\/wp\/v2\/pages\/4854"}],"collection":[{"href":"https:\/\/janvosahlo.com\/index.php\/wp-json\/wp\/v2\/pages"}],"about":[{"href":"https:\/\/janvosahlo.com\/index.php\/wp-json\/wp\/v2\/types\/page"}],"author":[{"embeddable":true,"href":"https:\/\/janvosahlo.com\/index.php\/wp-json\/wp\/v2\/users\/1"}],"replies":[{"embeddable":true,"href":"https:\/\/janvosahlo.com\/index.php\/wp-json\/wp\/v2\/comments?post=4854"}],"version-history":[{"count":34,"href":"https:\/\/janvosahlo.com\/index.php\/wp-json\/wp\/v2\/pages\/4854\/revisions"}],"predecessor-version":[{"id":5161,"href":"https:\/\/janvosahlo.com\/index.php\/wp-json\/wp\/v2\/pages\/4854\/revisions\/5161"}],"wp:attachment":[{"href":"https:\/\/janvosahlo.com\/index.php\/wp-json\/wp\/v2\/media?parent=4854"}],"curies":[{"name":"wp","href":"https:\/\/api.w.org\/{rel}","templated":true}]}}