{"id":378,"date":"2023-03-15T10:31:04","date_gmt":"2023-03-15T10:31:04","guid":{"rendered":"https:\/\/neuronthemes.com\/amore\/?page_id=378"},"modified":"2024-02-13T13:30:54","modified_gmt":"2024-02-13T13:30:54","slug":"gallery-list","status":"publish","type":"page","link":"https:\/\/janvosahlo.com\/index.php\/gallery-list\/","title":{"rendered":"Gallery List"},"content":{"rendered":"\t\t<div data-elementor-type=\"wp-page\" data-elementor-id=\"378\" class=\"elementor elementor-378\" data-elementor-post-type=\"page\">\n\t\t\t\t\t\t<section class=\"elementor-section elementor-top-section elementor-element elementor-element-7503f39 elementor-section-full_width n-amore-container--wide elementor-section-height-default elementor-section-height-default\" data-id=\"7503f39\" data-element_type=\"section\">\n\t\t\t\t\t\t<div class=\"elementor-container elementor-column-gap-no\">\n\t\t\t\t\t<div class=\"elementor-column elementor-col-100 elementor-top-column elementor-element elementor-element-b9f5918\" data-id=\"b9f5918\" data-element_type=\"column\">\n\t\t\t<div class=\"elementor-widget-wrap elementor-element-populated\">\n\t\t\t\t\t\t<div class=\"elementor-element elementor-element-0a021dc m-neuron-portfolio__overlay--gradient l-neuron-grid-wrapper--columns__3 l-neuron-grid-wrapper-tablet--columns__2 l-neuron-grid-wrapper-mobile--columns__1 m-neuron-posts--layout-grid m-neuron-portfolio--hover-translate elementor-invisible elementor-widget elementor-widget-neuron-portfolio\" data-id=\"0a021dc\" data-element_type=\"widget\" data-settings=\"{&quot;row_gap&quot;:{&quot;unit&quot;:&quot;px&quot;,&quot;size&quot;:0,&quot;sizes&quot;:[]},&quot;columns&quot;:&quot;3&quot;,&quot;columns_tablet&quot;:&quot;2&quot;,&quot;columns_mobile&quot;:&quot;1&quot;,&quot;carousel&quot;:&quot;no&quot;,&quot;layout&quot;:&quot;grid&quot;,&quot;pagination&quot;:&quot;none&quot;,&quot;row_gap_tablet&quot;:{&quot;unit&quot;:&quot;px&quot;,&quot;size&quot;:&quot;&quot;,&quot;sizes&quot;:[]},&quot;row_gap_mobile&quot;:{&quot;unit&quot;:&quot;px&quot;,&quot;size&quot;:&quot;&quot;,&quot;sizes&quot;:[]},&quot;animation&quot;:&quot;yes&quot;,&quot;neuron_animations&quot;:&quot;h-neuron-animation--slideUp&quot;,&quot;neuron_animations_duration&quot;:&quot;animated&quot;,&quot;animation_delay&quot;:0,&quot;hover_animation&quot;:&quot;translate&quot;}\" data-widget_type=\"neuron-portfolio.default\">\n\t\t\t\t<div class=\"elementor-widget-container\">\n\t\t\t\t\t\r\n\t\t\t\t<div class=\"l-neuron-grid\" data-masonry-id=\"1684a6ffc7b4b5b162ecb96e998292f3\">\r\n\t\t\t\t\t\t\t\t\t\t\t\t<article class=\"l-neuron-grid__item h-neuron-animation--wow m-neuron-portfolio m-neuron-post post-2177 portfolio type-portfolio status-publish has-post-thumbnail hentry portfolio_category-svatbebni-pribehy\" data-id=\"2177\">\r\n\t\t\t\t\t\t\t\t<div class=\"m-neuron-post__thumbnail--link m-neuron-portfolio__thumbnail--link\" >\r\n\t\t\t\t\t\t\t\t\t<a class=\"m-neuron-portfolio__link\" href=\"https:\/\/janvosahlo.com\/index.php\/portfolio\/niky-david\/\"><\/a>\r\n\t\t\t\t\t\t\t\t\t<div class=\"m-neuron-post__thumbnail m-neuron-portfolio__thumbnail\"><img fetchpriority=\"high\" decoding=\"async\" width=\"1500\" height=\"1000\" src=\"https:\/\/janvosahlo.com\/wp-content\/uploads\/2024\/02\/IMG_4728-Edit.jpg\" class=\"attachment-full size-full wp-post-image\" alt=\"\" srcset=\"https:\/\/janvosahlo.com\/wp-content\/uploads\/2024\/02\/IMG_4728-Edit.jpg 1500w, https:\/\/janvosahlo.com\/wp-content\/uploads\/2024\/02\/IMG_4728-Edit-300x200.jpg 300w, https:\/\/janvosahlo.com\/wp-content\/uploads\/2024\/02\/IMG_4728-Edit-1024x683.jpg 1024w, https:\/\/janvosahlo.com\/wp-content\/uploads\/2024\/02\/IMG_4728-Edit-768x512.jpg 768w\" sizes=\"(max-width: 1500px) 100vw, 1500px\" \/><\/div>\t\t\t\t\t\t\t\t\t<div class=\"m-neuron-portfolio__overlay\">\r\n\t\t\t\t\t\t\t\t\t\t<span class=\"m-neuron-portfolio__category\">Svatebn\u00ed p\u0159\u00edb\u011bh<\/span><h3 class=\"m-neuron-portfolio__title\">Svatebn\u00ed p\u0159\u00edb\u011bh Nikoly a Davida<\/h3>\t\t\t\t\t\t\t\t\t<\/div>\r\n\t\t\t\t\t\t\t\t<\/div>\r\n\t\t\t\t\t\t\t\t\t\t\t\t\t\t\t<\/article>\r\n\t\t\t\t\t\t\t\t\t\t\t\t\t\t<article class=\"l-neuron-grid__item h-neuron-animation--wow m-neuron-portfolio m-neuron-post post-2161 portfolio type-portfolio status-publish has-post-thumbnail hentry portfolio_category-svatbebni-pribehy\" data-id=\"2161\">\r\n\t\t\t\t\t\t\t\t<div class=\"m-neuron-post__thumbnail--link m-neuron-portfolio__thumbnail--link\" >\r\n\t\t\t\t\t\t\t\t\t<a class=\"m-neuron-portfolio__link\" href=\"https:\/\/janvosahlo.com\/index.php\/portfolio\/anna-misa\/\"><\/a>\r\n\t\t\t\t\t\t\t\t\t<div class=\"m-neuron-post__thumbnail m-neuron-portfolio__thumbnail\"><img decoding=\"async\" width=\"1500\" height=\"1000\" src=\"https:\/\/janvosahlo.com\/wp-content\/uploads\/2024\/03\/IMG_8581.jpg\" class=\"attachment-full size-full wp-post-image\" alt=\"\" srcset=\"https:\/\/janvosahlo.com\/wp-content\/uploads\/2024\/03\/IMG_8581.jpg 1500w, https:\/\/janvosahlo.com\/wp-content\/uploads\/2024\/03\/IMG_8581-300x200.jpg 300w, https:\/\/janvosahlo.com\/wp-content\/uploads\/2024\/03\/IMG_8581-1024x683.jpg 1024w, https:\/\/janvosahlo.com\/wp-content\/uploads\/2024\/03\/IMG_8581-768x512.jpg 768w\" sizes=\"(max-width: 1500px) 100vw, 1500px\" \/><\/div>\t\t\t\t\t\t\t\t\t<div class=\"m-neuron-portfolio__overlay\">\r\n\t\t\t\t\t\t\t\t\t\t<span class=\"m-neuron-portfolio__category\">Svatebn\u00ed p\u0159\u00edb\u011bh<\/span><h3 class=\"m-neuron-portfolio__title\">Svatebn\u00ed p\u0159\u00edb\u011bh Ani\u010dky a M\u00ed\u0161i<\/h3>\t\t\t\t\t\t\t\t\t<\/div>\r\n\t\t\t\t\t\t\t\t<\/div>\r\n\t\t\t\t\t\t\t\t\t\t\t\t\t\t\t<\/article>\r\n\t\t\t\t\t\t\t\t\t\t\t\t\t\t<article class=\"l-neuron-grid__item h-neuron-animation--wow m-neuron-portfolio m-neuron-post post-2625 portfolio type-portfolio status-publish has-post-thumbnail hentry portfolio_category-svatbebni-pribehy\" data-id=\"2625\">\r\n\t\t\t\t\t\t\t\t<div class=\"m-neuron-post__thumbnail--link m-neuron-portfolio__thumbnail--link\" >\r\n\t\t\t\t\t\t\t\t\t<a class=\"m-neuron-portfolio__link\" href=\"https:\/\/janvosahlo.com\/index.php\/portfolio\/anicky-a-milana\/\"><\/a>\r\n\t\t\t\t\t\t\t\t\t<div class=\"m-neuron-post__thumbnail m-neuron-portfolio__thumbnail\"><img decoding=\"async\" width=\"1500\" height=\"1000\" src=\"https:\/\/janvosahlo.com\/wp-content\/uploads\/2024\/03\/Svatba_Anicka_Milan_Litomysl-175.jpg\" class=\"attachment-full size-full wp-post-image\" alt=\"\" srcset=\"https:\/\/janvosahlo.com\/wp-content\/uploads\/2024\/03\/Svatba_Anicka_Milan_Litomysl-175.jpg 1500w, https:\/\/janvosahlo.com\/wp-content\/uploads\/2024\/03\/Svatba_Anicka_Milan_Litomysl-175-300x200.jpg 300w, https:\/\/janvosahlo.com\/wp-content\/uploads\/2024\/03\/Svatba_Anicka_Milan_Litomysl-175-1024x683.jpg 1024w, https:\/\/janvosahlo.com\/wp-content\/uploads\/2024\/03\/Svatba_Anicka_Milan_Litomysl-175-768x512.jpg 768w\" sizes=\"(max-width: 1500px) 100vw, 1500px\" \/><\/div>\t\t\t\t\t\t\t\t\t<div class=\"m-neuron-portfolio__overlay\">\r\n\t\t\t\t\t\t\t\t\t\t<span class=\"m-neuron-portfolio__category\">Svatebn\u00ed p\u0159\u00edb\u011bh<\/span><h3 class=\"m-neuron-portfolio__title\">Svatebn\u00ed p\u0159\u00edb\u011bh Ani\u010dky a Milana<\/h3>\t\t\t\t\t\t\t\t\t<\/div>\r\n\t\t\t\t\t\t\t\t<\/div>\r\n\t\t\t\t\t\t\t\t\t\t\t\t\t\t\t<\/article>\r\n\t\t\t\t\t\t\t\t\t\t\t\t\t\t<article class=\"l-neuron-grid__item h-neuron-animation--wow m-neuron-portfolio m-neuron-post post-104 portfolio type-portfolio status-publish has-post-thumbnail hentry portfolio_category-wedding\" data-id=\"104\">\r\n\t\t\t\t\t\t\t\t<div class=\"m-neuron-post__thumbnail--link m-neuron-portfolio__thumbnail--link\" >\r\n\t\t\t\t\t\t\t\t\t<a class=\"m-neuron-portfolio__link\" href=\"https:\/\/janvosahlo.com\/index.php\/portfolio\/love-in-motion\/\"><\/a>\r\n\t\t\t\t\t\t\t\t\t<div class=\"m-neuron-post__thumbnail m-neuron-portfolio__thumbnail\"><img loading=\"lazy\" decoding=\"async\" width=\"2560\" height=\"1707\" src=\"https:\/\/janvosahlo.com\/wp-content\/uploads\/2024\/02\/IMG_1145-1-scaled.jpg\" class=\"attachment-full size-full wp-post-image\" alt=\"\" srcset=\"https:\/\/janvosahlo.com\/wp-content\/uploads\/2024\/02\/IMG_1145-1-scaled.jpg 2560w, https:\/\/janvosahlo.com\/wp-content\/uploads\/2024\/02\/IMG_1145-1-300x200.jpg 300w, https:\/\/janvosahlo.com\/wp-content\/uploads\/2024\/02\/IMG_1145-1-1024x683.jpg 1024w, https:\/\/janvosahlo.com\/wp-content\/uploads\/2024\/02\/IMG_1145-1-768x512.jpg 768w, https:\/\/janvosahlo.com\/wp-content\/uploads\/2024\/02\/IMG_1145-1-1536x1024.jpg 1536w, https:\/\/janvosahlo.com\/wp-content\/uploads\/2024\/02\/IMG_1145-1-2048x1365.jpg 2048w\" sizes=\"(max-width: 2560px) 100vw, 2560px\" \/><\/div>\t\t\t\t\t\t\t\t\t<div class=\"m-neuron-portfolio__overlay\">\r\n\t\t\t\t\t\t\t\t\t\t<span class=\"m-neuron-portfolio__category\">Wedding<\/span><h3 class=\"m-neuron-portfolio__title\">Pod\u00edvej se, jak fot\u00edm svatby<\/h3>\t\t\t\t\t\t\t\t\t<\/div>\r\n\t\t\t\t\t\t\t\t<\/div>\r\n\t\t\t\t\t\t\t\t\t\t\t\t\t\t\t<\/article>\r\n\t\t\t\t\t\t\t\t\t\t\t\t\t\t<article class=\"l-neuron-grid__item h-neuron-animation--wow m-neuron-portfolio m-neuron-post post-100 portfolio type-portfolio status-publish has-post-thumbnail hentry portfolio_category-wedding\" data-id=\"100\">\r\n\t\t\t\t\t\t\t\t<div class=\"m-neuron-post__thumbnail--link m-neuron-portfolio__thumbnail--link\" >\r\n\t\t\t\t\t\t\t\t\t<a class=\"m-neuron-portfolio__link\" href=\"https:\/\/janvosahlo.com\/index.php\/portfolio\/ruby-jackson\/\"><\/a>\r\n\t\t\t\t\t\t\t\t\t<div class=\"m-neuron-post__thumbnail m-neuron-portfolio__thumbnail\"><img loading=\"lazy\" decoding=\"async\" width=\"1500\" height=\"1000\" src=\"https:\/\/janvosahlo.com\/wp-content\/uploads\/2022\/03\/5E9A6134-Edit.jpg\" class=\"attachment-full size-full wp-post-image\" alt=\"\" srcset=\"https:\/\/janvosahlo.com\/wp-content\/uploads\/2022\/03\/5E9A6134-Edit.jpg 1500w, https:\/\/janvosahlo.com\/wp-content\/uploads\/2022\/03\/5E9A6134-Edit-300x200.jpg 300w, https:\/\/janvosahlo.com\/wp-content\/uploads\/2022\/03\/5E9A6134-Edit-1024x683.jpg 1024w, https:\/\/janvosahlo.com\/wp-content\/uploads\/2022\/03\/5E9A6134-Edit-768x512.jpg 768w\" sizes=\"(max-width: 1500px) 100vw, 1500px\" \/><\/div>\t\t\t\t\t\t\t\t\t<div class=\"m-neuron-portfolio__overlay\">\r\n\t\t\t\t\t\t\t\t\t\t<span class=\"m-neuron-portfolio__category\">Wedding<\/span><h3 class=\"m-neuron-portfolio__title\">Pod\u00edvej se, jak fot\u00edm portr\u00e9ty<\/h3>\t\t\t\t\t\t\t\t\t<\/div>\r\n\t\t\t\t\t\t\t\t<\/div>\r\n\t\t\t\t\t\t\t\t\t\t\t\t\t\t\t<\/article>\r\n\t\t\t\t\t\t\t\t\t\t\t\t\t\t<article class=\"l-neuron-grid__item h-neuron-animation--wow m-neuron-portfolio m-neuron-post post-98 portfolio type-portfolio status-publish has-post-thumbnail hentry portfolio_category-wedding\" data-id=\"98\">\r\n\t\t\t\t\t\t\t\t<div class=\"m-neuron-post__thumbnail--link m-neuron-portfolio__thumbnail--link\" >\r\n\t\t\t\t\t\t\t\t\t<a class=\"m-neuron-portfolio__link\" href=\"https:\/\/janvosahlo.com\/index.php\/portfolio\/saying-i-do\/\"><\/a>\r\n\t\t\t\t\t\t\t\t\t<div class=\"m-neuron-post__thumbnail m-neuron-portfolio__thumbnail\"><img loading=\"lazy\" decoding=\"async\" width=\"1755\" height=\"1170\" src=\"https:\/\/janvosahlo.com\/wp-content\/uploads\/2023\/03\/img-36.jpg\" class=\"attachment-full size-full wp-post-image\" alt=\"\" srcset=\"https:\/\/janvosahlo.com\/wp-content\/uploads\/2023\/03\/img-36.jpg 1755w, https:\/\/janvosahlo.com\/wp-content\/uploads\/2023\/03\/img-36-300x200.jpg 300w, https:\/\/janvosahlo.com\/wp-content\/uploads\/2023\/03\/img-36-1024x683.jpg 1024w, https:\/\/janvosahlo.com\/wp-content\/uploads\/2023\/03\/img-36-768x512.jpg 768w, https:\/\/janvosahlo.com\/wp-content\/uploads\/2023\/03\/img-36-1536x1024.jpg 1536w\" sizes=\"(max-width: 1755px) 100vw, 1755px\" \/><\/div>\t\t\t\t\t\t\t\t\t<div class=\"m-neuron-portfolio__overlay\">\r\n\t\t\t\t\t\t\t\t\t\t<span class=\"m-neuron-portfolio__category\">Wedding<\/span><h3 class=\"m-neuron-portfolio__title\">Pod\u00edvej se, jak fot\u00edm eventy<\/h3>\t\t\t\t\t\t\t\t\t<\/div>\r\n\t\t\t\t\t\t\t\t<\/div>\r\n\t\t\t\t\t\t\t\t\t\t\t\t\t\t\t<\/article>\r\n\t\t\t\t\t\t\t\t\t\t\t\t\t\t<article class=\"l-neuron-grid__item h-neuron-animation--wow m-neuron-portfolio m-neuron-post post-2860 portfolio type-portfolio status-publish has-post-thumbnail hentry portfolio_category-portret portfolio_tag-portrety\" data-id=\"2860\">\r\n\t\t\t\t\t\t\t\t<div class=\"m-neuron-post__thumbnail--link m-neuron-portfolio__thumbnail--link\" >\r\n\t\t\t\t\t\t\t\t\t<a class=\"m-neuron-portfolio__link\" href=\"https:\/\/janvosahlo.com\/index.php\/portfolio\/portrety\/\"><\/a>\r\n\t\t\t\t\t\t\t\t\t<div class=\"m-neuron-post__thumbnail m-neuron-portfolio__thumbnail\"><img loading=\"lazy\" decoding=\"async\" width=\"2048\" height=\"1366\" src=\"https:\/\/janvosahlo.com\/wp-content\/uploads\/2023\/03\/387477693_3771205173109378_4381102759503563572_n.jpg\" class=\"attachment-full size-full wp-post-image\" alt=\"\" srcset=\"https:\/\/janvosahlo.com\/wp-content\/uploads\/2023\/03\/387477693_3771205173109378_4381102759503563572_n.jpg 2048w, https:\/\/janvosahlo.com\/wp-content\/uploads\/2023\/03\/387477693_3771205173109378_4381102759503563572_n-300x200.jpg 300w, https:\/\/janvosahlo.com\/wp-content\/uploads\/2023\/03\/387477693_3771205173109378_4381102759503563572_n-1024x683.jpg 1024w, https:\/\/janvosahlo.com\/wp-content\/uploads\/2023\/03\/387477693_3771205173109378_4381102759503563572_n-768x512.jpg 768w, https:\/\/janvosahlo.com\/wp-content\/uploads\/2023\/03\/387477693_3771205173109378_4381102759503563572_n-1536x1025.jpg 1536w\" sizes=\"(max-width: 2048px) 100vw, 2048px\" \/><\/div>\t\t\t\t\t\t\t\t\t<div class=\"m-neuron-portfolio__overlay\">\r\n\t\t\t\t\t\t\t\t\t\t<span class=\"m-neuron-portfolio__category\">Portr\u00e9t<\/span><h3 class=\"m-neuron-portfolio__title\">Portr\u00e9ty<\/h3>\t\t\t\t\t\t\t\t\t<\/div>\r\n\t\t\t\t\t\t\t\t<\/div>\r\n\t\t\t\t\t\t\t\t\t\t\t\t\t\t\t<\/article>\r\n\t\t\t\t\t\t\t\t\t\t\t<\/div>\r\n\r\n\t\t\t\r\n\t\t\t\t<\/div>\n\t\t\t\t<\/div>\n\t\t\t\t\t<\/div>\n\t\t<\/div>\n\t\t\t\t\t<\/div>\n\t\t<\/section>\n\t\t\t\t<\/div>\n\t\t","protected":false},"excerpt":{"rendered":"<p>Photoshoot Soulmates for Life Engagement Sienna &amp; Liam Wedding Clara &amp; Gabriel Photoshoot The Perfect Day Engagement Love in Motion Wedding Bella &amp; Mason Photoshoot Ruby &#038; Jackson Engagement Saying &#8216;I Do&#8217; Wedding Emma &amp; Daniel Photoshoot Love in Bloom Engagement Forever and Always Wedding Kaelin &amp; Aria<\/p>\n","protected":false},"author":1,"featured_media":0,"parent":0,"menu_order":0,"comment_status":"closed","ping_status":"closed","template":"","meta":{"footnotes":""},"_links":{"self":[{"href":"https:\/\/janvosahlo.com\/index.php\/wp-json\/wp\/v2\/pages\/378"}],"collection":[{"href":"https:\/\/janvosahlo.com\/index.php\/wp-json\/wp\/v2\/pages"}],"about":[{"href":"https:\/\/janvosahlo.com\/index.php\/wp-json\/wp\/v2\/types\/page"}],"author":[{"embeddable":true,"href":"https:\/\/janvosahlo.com\/index.php\/wp-json\/wp\/v2\/users\/1"}],"replies":[{"embeddable":true,"href":"https:\/\/janvosahlo.com\/index.php\/wp-json\/wp\/v2\/comments?post=378"}],"version-history":[{"count":1,"href":"https:\/\/janvosahlo.com\/index.php\/wp-json\/wp\/v2\/pages\/378\/revisions"}],"predecessor-version":[{"id":1422,"href":"https:\/\/janvosahlo.com\/index.php\/wp-json\/wp\/v2\/pages\/378\/revisions\/1422"}],"wp:attachment":[{"href":"https:\/\/janvosahlo.com\/index.php\/wp-json\/wp\/v2\/media?parent=378"}],"curies":[{"name":"wp","href":"https:\/\/api.w.org\/{rel}","templated":true}]}}