{"id":373,"date":"2023-03-15T10:24:25","date_gmt":"2023-03-15T10:24:25","guid":{"rendered":"https:\/\/neuronthemes.com\/amore\/?page_id=373"},"modified":"2024-02-13T13:30:54","modified_gmt":"2024-02-13T13:30:54","slug":"masonry-blog","status":"publish","type":"page","link":"https:\/\/janvosahlo.com\/index.php\/masonry-blog\/","title":{"rendered":"Masonry Blog"},"content":{"rendered":"\t\t<div data-elementor-type=\"wp-page\" data-elementor-id=\"373\" class=\"elementor elementor-373\" data-elementor-post-type=\"page\">\n\t\t\t\t\t\t<section class=\"elementor-section elementor-top-section elementor-element elementor-element-15b99e9 elementor-section-boxed elementor-section-height-default elementor-section-height-default\" data-id=\"15b99e9\" data-element_type=\"section\">\n\t\t\t\t\t\t<div class=\"elementor-container elementor-column-gap-no\">\n\t\t\t\t\t<div class=\"elementor-column elementor-col-100 elementor-top-column elementor-element elementor-element-043a7e2\" data-id=\"043a7e2\" data-element_type=\"column\">\n\t\t\t<div class=\"elementor-widget-wrap elementor-element-populated\">\n\t\t\t\t\t\t<div class=\"elementor-element elementor-element-2668ce6 m-neuron-posts--layout-masonry l-neuron-grid-wrapper--columns__3 l-neuron-grid-wrapper-tablet--columns__2 l-neuron-grid-wrapper-mobile--columns__1 l-neuron-grid-wrapper--offset-no elementor-invisible elementor-widget elementor-widget-neuron-posts\" data-id=\"2668ce6\" data-element_type=\"widget\" data-settings=\"{&quot;row_gap&quot;:{&quot;unit&quot;:&quot;px&quot;,&quot;size&quot;:50,&quot;sizes&quot;:[]},&quot;row_gap_tablet&quot;:{&quot;unit&quot;:&quot;px&quot;,&quot;size&quot;:40,&quot;sizes&quot;:[]},&quot;image_animation_hover&quot;:&quot;zoom-in&quot;,&quot;layout&quot;:&quot;masonry&quot;,&quot;columns&quot;:&quot;3&quot;,&quot;columns_tablet&quot;:&quot;2&quot;,&quot;columns_mobile&quot;:&quot;1&quot;,&quot;carousel&quot;:&quot;no&quot;,&quot;pagination&quot;:&quot;none&quot;,&quot;row_gap_mobile&quot;:{&quot;unit&quot;:&quot;px&quot;,&quot;size&quot;:&quot;&quot;,&quot;sizes&quot;:[]},&quot;animation&quot;:&quot;yes&quot;,&quot;neuron_animations&quot;:&quot;h-neuron-animation--slideUp&quot;,&quot;neuron_animations_duration&quot;:&quot;animated&quot;,&quot;animation_delay&quot;:0}\" data-widget_type=\"neuron-posts.default\">\n\t\t\t\t<div class=\"elementor-widget-container\">\n\t\t\t\t\t<div class=\"m-neuron-filters\" aria-label=\"Filters\">\r\n\t\t\t<ul >\r\n\t\t\t\t\t\t\t\t\t<li class=\"m-neuron-filters__item active\" data-filter=\"*\">Show All<\/li>\r\n\t\t\t\t\r\n\t\t\t\t\t\t\t\t\t<li class=\"m-neuron-filters__item\" data-filter=\"category-svatebni-foceni\">Svatebn\u00ed focen\u00ed<\/li>\r\n\t\t\t\t\t\t\t\t\t<li class=\"m-neuron-filters__item\" data-filter=\"category-blog\">Blog<\/li>\r\n\t\t\t\t\t\t\t<\/ul>\r\n\t\t<\/div>\r\n\t\t\t\t\t\t\t\t<div class=\"l-neuron-grid\" data-masonry-id=\"fd307ffe23cf96fe51664869992abe54\">\r\n\t\t\t\t\t\t\t\t\t\t\t\t<article class=\"l-neuron-grid__item h-neuron-animation--wow m-neuron-post post-1 post type-post status-publish format-standard has-post-thumbnail hentry category-svatebni-foceni\" data-id=\"1\">\r\n\t\t\t\t\t\t\t\t<div class=\"m-neuron-post__inner m-neuron-post__inner--classic\">\r\n        \r\n        <a class=\"m-neuron-post__thumbnail--link\" style=\"padding-bottom: 67%;\" href=\"https:\/\/janvosahlo.com\/index.php\/2024\/03\/19\/3-duvody-predsvatebni-foceni\/\"><div class=\"m-neuron-post__thumbnail\"><img fetchpriority=\"high\" decoding=\"async\" width=\"1600\" height=\"1066\" src=\"https:\/\/janvosahlo.com\/wp-content\/uploads\/2024\/02\/51992722700_36e43cc4d5_k-1.jpg\" class=\"attachment-full size-full wp-post-image\" alt=\"\" srcset=\"https:\/\/janvosahlo.com\/wp-content\/uploads\/2024\/02\/51992722700_36e43cc4d5_k-1.jpg 1600w, https:\/\/janvosahlo.com\/wp-content\/uploads\/2024\/02\/51992722700_36e43cc4d5_k-1-300x200.jpg 300w, https:\/\/janvosahlo.com\/wp-content\/uploads\/2024\/02\/51992722700_36e43cc4d5_k-1-1024x682.jpg 1024w, https:\/\/janvosahlo.com\/wp-content\/uploads\/2024\/02\/51992722700_36e43cc4d5_k-1-768x512.jpg 768w, https:\/\/janvosahlo.com\/wp-content\/uploads\/2024\/02\/51992722700_36e43cc4d5_k-1-1536x1023.jpg 1536w\" sizes=\"(max-width: 1600px) 100vw, 1600px\" \/><\/div><\/a><span class=\"m-neuron-post__meta-data\"> <span class=\"date\"> 19 b\u0159ezna, 2024<\/span> <span class=\"terms\"> <a href=\"https:\/\/janvosahlo.com\/index.php\/category\/svatebni-foceni\/\">Svatebn\u00ed focen\u00ed<\/a><\/span> <\/span><h5 class=\"m-neuron-post__title\"><a href=\"https:\/\/janvosahlo.com\/index.php\/2024\/03\/19\/3-duvody-predsvatebni-foceni\/\">3 hlavn\u00ed d\u016fvody, pro\u010d pot\u0159ebuje\u0161 p\u0159edsvatebn\u00ed fotky.\u200b<\/a><\/h5>        \r\n    <\/div>\t\t\t\t\t\t\t<\/article>\r\n\t\t\t\t\t\t\t\t\t\t\t\t\t\t<article class=\"l-neuron-grid__item h-neuron-animation--wow m-neuron-post post-5099 post type-post status-publish format-standard has-post-thumbnail hentry category-blog\" data-id=\"5099\">\r\n\t\t\t\t\t\t\t\t<div class=\"m-neuron-post__inner m-neuron-post__inner--classic\">\r\n        \r\n        <a class=\"m-neuron-post__thumbnail--link\" style=\"padding-bottom: 67%;\" href=\"https:\/\/janvosahlo.com\/index.php\/2024\/03\/18\/proc-mit-prskavky-na-svoji-svatbe\/\"><div class=\"m-neuron-post__thumbnail\"><img decoding=\"async\" width=\"1500\" height=\"1000\" src=\"https:\/\/janvosahlo.com\/wp-content\/uploads\/2024\/03\/Svatba_Anicka_Milan_Litomysl-219.jpg\" class=\"attachment-full size-full wp-post-image\" alt=\"\" srcset=\"https:\/\/janvosahlo.com\/wp-content\/uploads\/2024\/03\/Svatba_Anicka_Milan_Litomysl-219.jpg 1500w, https:\/\/janvosahlo.com\/wp-content\/uploads\/2024\/03\/Svatba_Anicka_Milan_Litomysl-219-300x200.jpg 300w, https:\/\/janvosahlo.com\/wp-content\/uploads\/2024\/03\/Svatba_Anicka_Milan_Litomysl-219-1024x683.jpg 1024w, https:\/\/janvosahlo.com\/wp-content\/uploads\/2024\/03\/Svatba_Anicka_Milan_Litomysl-219-768x512.jpg 768w\" sizes=\"(max-width: 1500px) 100vw, 1500px\" \/><\/div><\/a><span class=\"m-neuron-post__meta-data\"> <span class=\"date\"> 18 b\u0159ezna, 2024<\/span> <span class=\"terms\"> <a href=\"https:\/\/janvosahlo.com\/index.php\/category\/blog\/\">Blog<\/a><\/span> <\/span><h5 class=\"m-neuron-post__title\"><a href=\"https:\/\/janvosahlo.com\/index.php\/2024\/03\/18\/proc-mit-prskavky-na-svoji-svatbe\/\">Pro\u010d m\u00edt prskavky na svoji svatb\u011b<\/a><\/h5>        \r\n    <\/div>\t\t\t\t\t\t\t<\/article>\r\n\t\t\t\t\t\t\t\t\t\t\t\t\t\t<article class=\"l-neuron-grid__item h-neuron-animation--wow m-neuron-post post-5140 post type-post status-publish format-standard has-post-thumbnail hentry category-blog\" data-id=\"5140\">\r\n\t\t\t\t\t\t\t\t<div class=\"m-neuron-post__inner m-neuron-post__inner--classic\">\r\n        \r\n        <a class=\"m-neuron-post__thumbnail--link\" style=\"padding-bottom: 67%;\" href=\"https:\/\/janvosahlo.com\/index.php\/2024\/03\/17\/caste-otazky-ke-svatebnimu-foceni\/\"><div class=\"m-neuron-post__thumbnail\"><img decoding=\"async\" width=\"2560\" height=\"1706\" src=\"https:\/\/janvosahlo.com\/wp-content\/uploads\/2025\/02\/CAM17604-scaled.jpg\" class=\"attachment-full size-full wp-post-image\" alt=\"\" srcset=\"https:\/\/janvosahlo.com\/wp-content\/uploads\/2025\/02\/CAM17604-scaled.jpg 2560w, https:\/\/janvosahlo.com\/wp-content\/uploads\/2025\/02\/CAM17604-300x200.jpg 300w, https:\/\/janvosahlo.com\/wp-content\/uploads\/2025\/02\/CAM17604-1024x683.jpg 1024w, https:\/\/janvosahlo.com\/wp-content\/uploads\/2025\/02\/CAM17604-768x512.jpg 768w, https:\/\/janvosahlo.com\/wp-content\/uploads\/2025\/02\/CAM17604-1536x1024.jpg 1536w, https:\/\/janvosahlo.com\/wp-content\/uploads\/2025\/02\/CAM17604-2048x1365.jpg 2048w\" sizes=\"(max-width: 2560px) 100vw, 2560px\" \/><\/div><\/a><span class=\"m-neuron-post__meta-data\"> <span class=\"date\"> 17 b\u0159ezna, 2024<\/span> <span class=\"terms\"> <a href=\"https:\/\/janvosahlo.com\/index.php\/category\/blog\/\">Blog<\/a><\/span> <\/span><h5 class=\"m-neuron-post__title\"><a href=\"https:\/\/janvosahlo.com\/index.php\/2024\/03\/17\/caste-otazky-ke-svatebnimu-foceni\/\">8 nej\u010dast\u011bj\u0161\u00edch ot\u00e1zek ke svatebn\u00edmu focen\u00ed<\/a><\/h5>        \r\n    <\/div>\t\t\t\t\t\t\t<\/article>\r\n\t\t\t\t\t\t\t\t\t\t\t<\/div>\r\n\t\t\t\r\n\t\t\t\t<\/div>\n\t\t\t\t<\/div>\n\t\t\t\t\t<\/div>\n\t\t<\/div>\n\t\t\t\t\t<\/div>\n\t\t<\/section>\n\t\t\t\t<\/div>\n\t\t","protected":false},"excerpt":{"rendered":"<p>Show All Design Interview Photography March 14, 2023 Design The train was forty-seven minutes late. March 14, 2023 Interview I gave the students a chance to say a few words too March 14, 2023 Photography There\u2019s a good chance it\u2019ll rain tomorrow. March 14, 2023 Design That was my favorite milkshake she has made so&#8230;<\/p>\n","protected":false},"author":1,"featured_media":0,"parent":0,"menu_order":0,"comment_status":"closed","ping_status":"closed","template":"","meta":{"footnotes":""},"_links":{"self":[{"href":"https:\/\/janvosahlo.com\/index.php\/wp-json\/wp\/v2\/pages\/373"}],"collection":[{"href":"https:\/\/janvosahlo.com\/index.php\/wp-json\/wp\/v2\/pages"}],"about":[{"href":"https:\/\/janvosahlo.com\/index.php\/wp-json\/wp\/v2\/types\/page"}],"author":[{"embeddable":true,"href":"https:\/\/janvosahlo.com\/index.php\/wp-json\/wp\/v2\/users\/1"}],"replies":[{"embeddable":true,"href":"https:\/\/janvosahlo.com\/index.php\/wp-json\/wp\/v2\/comments?post=373"}],"version-history":[{"count":1,"href":"https:\/\/janvosahlo.com\/index.php\/wp-json\/wp\/v2\/pages\/373\/revisions"}],"predecessor-version":[{"id":1421,"href":"https:\/\/janvosahlo.com\/index.php\/wp-json\/wp\/v2\/pages\/373\/revisions\/1421"}],"wp:attachment":[{"href":"https:\/\/janvosahlo.com\/index.php\/wp-json\/wp\/v2\/media?parent=373"}],"curies":[{"name":"wp","href":"https:\/\/api.w.org\/{rel}","templated":true}]}}