{"id":3388,"date":"2025-02-12T12:53:37","date_gmt":"2025-02-12T12:53:37","guid":{"rendered":"https:\/\/janvosahlo.com\/?page_id=3388"},"modified":"2025-03-19T08:58:00","modified_gmt":"2025-03-19T08:58:00","slug":"svatby","status":"publish","type":"page","link":"https:\/\/janvosahlo.com\/index.php\/svatby\/","title":{"rendered":"Svatebn\u00ed portfolio"},"content":{"rendered":"\t\t<div data-elementor-type=\"wp-page\" data-elementor-id=\"3388\" class=\"elementor elementor-3388\" data-elementor-post-type=\"page\">\n\t\t\t\t<div class=\"elementor-element elementor-element-720858fa e-con-full e-flex e-con e-parent\" data-id=\"720858fa\" data-element_type=\"container\" data-settings=\"{&quot;content_width&quot;:&quot;full&quot;}\" data-core-v316-plus=\"true\">\n\t\t<div class=\"elementor-element elementor-element-55d0f03f e-con-full e-flex e-con e-child\" data-id=\"55d0f03f\" data-element_type=\"container\" data-settings=\"{&quot;content_width&quot;:&quot;full&quot;}\">\n\t\t\t\t<div class=\"elementor-element elementor-element-1c9eea2e elementor-widget elementor-widget-heading\" data-id=\"1c9eea2e\" data-element_type=\"widget\" data-widget_type=\"heading.default\">\n\t\t\t\t<div class=\"elementor-widget-container\">\n\t\t\t<style>\/*! elementor - v3.19.0 - 28-02-2024 *\/\n.elementor-heading-title{padding:0;margin:0;line-height:1}.elementor-widget-heading .elementor-heading-title[class*=elementor-size-]>a{color:inherit;font-size:inherit;line-height:inherit}.elementor-widget-heading .elementor-heading-title.elementor-size-small{font-size:15px}.elementor-widget-heading .elementor-heading-title.elementor-size-medium{font-size:19px}.elementor-widget-heading .elementor-heading-title.elementor-size-large{font-size:29px}.elementor-widget-heading .elementor-heading-title.elementor-size-xl{font-size:39px}.elementor-widget-heading .elementor-heading-title.elementor-size-xxl{font-size:59px}<\/style><h2 class=\"elementor-heading-title elementor-size-default\">Portfolio<\/h2>\t\t<\/div>\n\t\t\t\t<\/div>\n\t\t\t\t<\/div>\n\t\t<div class=\"elementor-element elementor-element-4ccaab01 e-con-full elementor-hidden-tablet elementor-hidden-mobile e-flex e-con e-child\" data-id=\"4ccaab01\" data-element_type=\"container\" data-settings=\"{&quot;content_width&quot;:&quot;full&quot;}\">\n\t\t\t\t<\/div>\n\t\t<div class=\"elementor-element elementor-element-116c8e8d e-con-full elementor-hidden-tablet elementor-hidden-mobile e-flex e-con e-child\" data-id=\"116c8e8d\" data-element_type=\"container\" data-settings=\"{&quot;content_width&quot;:&quot;full&quot;}\">\n\t\t\t\t<\/div>\n\t\t\t\t<\/div>\n\t\t<div class=\"elementor-element elementor-element-b5ce245 e-con-full e-flex e-con e-parent\" data-id=\"b5ce245\" data-element_type=\"container\" data-settings=\"{&quot;content_width&quot;:&quot;full&quot;,&quot;motion_fx_motion_fx_scrolling&quot;:&quot;yes&quot;,&quot;motion_fx_translateY_effect&quot;:&quot;yes&quot;,&quot;motion_fx_translateY_direction&quot;:&quot;negative&quot;,&quot;motion_fx_translateY_speed&quot;:{&quot;unit&quot;:&quot;px&quot;,&quot;size&quot;:4,&quot;sizes&quot;:[]},&quot;motion_fx_translateY_affectedRange&quot;:{&quot;unit&quot;:&quot;%&quot;,&quot;size&quot;:&quot;&quot;,&quot;sizes&quot;:{&quot;start&quot;:0,&quot;end&quot;:100}},&quot;motion_fx_devices&quot;:[&quot;desktop&quot;,&quot;tablet&quot;,&quot;mobile&quot;]}\" data-core-v316-plus=\"true\">\n\t\t\t\t<div class=\"elementor-element elementor-element-123fed4 m-neuron-posts--layout-masonry l-neuron-grid-wrapper--columns__4 l-neuron-grid-wrapper-tablet--columns__2 l-neuron-grid-wrapper-mobile--columns__1 elementor-invisible elementor-widget elementor-widget-neuron-posts\" data-id=\"123fed4\" data-element_type=\"widget\" data-settings=\"{&quot;row_gap&quot;:{&quot;unit&quot;:&quot;px&quot;,&quot;size&quot;:40,&quot;sizes&quot;:[]},&quot;layout&quot;:&quot;masonry&quot;,&quot;columns&quot;:&quot;4&quot;,&quot;columns_tablet&quot;:&quot;2&quot;,&quot;columns_mobile&quot;:&quot;1&quot;,&quot;pagination&quot;:&quot;none&quot;,&quot;row_gap_tablet&quot;:{&quot;unit&quot;:&quot;px&quot;,&quot;size&quot;:&quot;&quot;,&quot;sizes&quot;:[]},&quot;row_gap_mobile&quot;:{&quot;unit&quot;:&quot;px&quot;,&quot;size&quot;:&quot;&quot;,&quot;sizes&quot;:[]},&quot;animation&quot;:&quot;yes&quot;,&quot;neuron_animations&quot;:&quot;h-neuron-animation--slideUp&quot;,&quot;neuron_animations_duration&quot;:&quot;animated&quot;,&quot;animation_delay&quot;:0}\" data-widget_type=\"neuron-posts.default\">\n\t\t\t\t<div class=\"elementor-widget-container\">\n\t\t\t\t\t\t\t\t\t<div class=\"l-neuron-grid\" data-masonry-id=\"7b3ee9c685aa4f735cff4680de3400f1\">\r\n\t\t\t\t\t\t\t\t\t\t\t\t<article class=\"l-neuron-grid__item h-neuron-animation--wow m-neuron-post post-2177 portfolio type-portfolio status-publish has-post-thumbnail hentry portfolio_category-svatbebni-pribehy\" data-id=\"2177\">\r\n\t\t\t\t\t\t\t\t<div class=\"m-neuron-post__inner m-neuron-post__inner--card\">\r\n    <a class=\"m-neuron-post__thumbnail--link\" style=\"padding-bottom: 67%;\" href=\"https:\/\/janvosahlo.com\/index.php\/portfolio\/niky-david\/\"><div class=\"m-neuron-post__thumbnail\"><img fetchpriority=\"high\" decoding=\"async\" width=\"1500\" height=\"1000\" src=\"https:\/\/janvosahlo.com\/wp-content\/uploads\/2024\/02\/IMG_4728-Edit.jpg\" class=\"attachment-full size-full wp-post-image\" alt=\"\" srcset=\"https:\/\/janvosahlo.com\/wp-content\/uploads\/2024\/02\/IMG_4728-Edit.jpg 1500w, https:\/\/janvosahlo.com\/wp-content\/uploads\/2024\/02\/IMG_4728-Edit-300x200.jpg 300w, https:\/\/janvosahlo.com\/wp-content\/uploads\/2024\/02\/IMG_4728-Edit-1024x683.jpg 1024w, https:\/\/janvosahlo.com\/wp-content\/uploads\/2024\/02\/IMG_4728-Edit-768x512.jpg 768w\" sizes=\"(max-width: 1500px) 100vw, 1500px\" \/><\/div><\/a>            <div class=\"m-neuron-post__text\">\r\n        <h5 class=\"m-neuron-post__title\"><a href=\"https:\/\/janvosahlo.com\/index.php\/portfolio\/niky-david\/\">Svatebn\u00ed p\u0159\u00edb\u011bh Nikoly a Davida<\/a><\/h5>        <div class=\"m-neuron-post__excerpt\">Typick\u00e1 Jihomoravsk\u00e1 svatba ve vinn\u00e9m skl\u00edpku pln\u00e1 z\u00e1bavy a dobr\u00e9 n\u00e1lady! \n<\/br><\/br>Vinn\u00e9 sklepy Sudom\u011b\u0159ice<\/div>            <\/div>\r\n    <span class=\"m-neuron-post__meta-data\"> <span class=\"time\"> 10:35 pm<\/span> <\/span><\/div>\t\t\t\t\t\t\t<\/article>\r\n\t\t\t\t\t\t\t\t\t\t\t\t\t\t<article class=\"l-neuron-grid__item h-neuron-animation--wow m-neuron-post post-2161 portfolio type-portfolio status-publish has-post-thumbnail hentry portfolio_category-svatbebni-pribehy\" data-id=\"2161\">\r\n\t\t\t\t\t\t\t\t<div class=\"m-neuron-post__inner m-neuron-post__inner--card\">\r\n    <a class=\"m-neuron-post__thumbnail--link\" style=\"padding-bottom: 67%;\" href=\"https:\/\/janvosahlo.com\/index.php\/portfolio\/anna-misa\/\"><div class=\"m-neuron-post__thumbnail\"><img decoding=\"async\" width=\"1500\" height=\"1000\" src=\"https:\/\/janvosahlo.com\/wp-content\/uploads\/2024\/03\/IMG_8581.jpg\" class=\"attachment-full size-full wp-post-image\" alt=\"\" srcset=\"https:\/\/janvosahlo.com\/wp-content\/uploads\/2024\/03\/IMG_8581.jpg 1500w, https:\/\/janvosahlo.com\/wp-content\/uploads\/2024\/03\/IMG_8581-300x200.jpg 300w, https:\/\/janvosahlo.com\/wp-content\/uploads\/2024\/03\/IMG_8581-1024x683.jpg 1024w, https:\/\/janvosahlo.com\/wp-content\/uploads\/2024\/03\/IMG_8581-768x512.jpg 768w\" sizes=\"(max-width: 1500px) 100vw, 1500px\" \/><\/div><\/a>            <div class=\"m-neuron-post__text\">\r\n        <h5 class=\"m-neuron-post__title\"><a href=\"https:\/\/janvosahlo.com\/index.php\/portfolio\/anna-misa\/\">Svatebn\u00ed p\u0159\u00edb\u011bh Ani\u010dky a M\u00ed\u0161i<\/a><\/h5>        <div class=\"m-neuron-post__excerpt\">Svatba na malebn\u00e9m penzionu propojuj\u00edc\u00edm kr\u00e1su p\u0159\u00edrody a \u010desk\u00e9ho vesnick\u00e9ho \u017eivota\n<\/br><\/br>\nPenzion Na Gruntu - Hazlov\u200b<\/div>            <\/div>\r\n    <span class=\"m-neuron-post__meta-data\"> <span class=\"time\"> 10:24 pm<\/span> <\/span><\/div>\t\t\t\t\t\t\t<\/article>\r\n\t\t\t\t\t\t\t\t\t\t\t\t\t\t<article class=\"l-neuron-grid__item h-neuron-animation--wow m-neuron-post post-2625 portfolio type-portfolio status-publish has-post-thumbnail hentry portfolio_category-svatbebni-pribehy\" data-id=\"2625\">\r\n\t\t\t\t\t\t\t\t<div class=\"m-neuron-post__inner m-neuron-post__inner--card\">\r\n    <a class=\"m-neuron-post__thumbnail--link\" style=\"padding-bottom: 67%;\" href=\"https:\/\/janvosahlo.com\/index.php\/portfolio\/anicky-a-milana\/\"><div class=\"m-neuron-post__thumbnail\"><img decoding=\"async\" width=\"1500\" height=\"1000\" src=\"https:\/\/janvosahlo.com\/wp-content\/uploads\/2024\/03\/Svatba_Anicka_Milan_Litomysl-175.jpg\" class=\"attachment-full size-full wp-post-image\" alt=\"\" srcset=\"https:\/\/janvosahlo.com\/wp-content\/uploads\/2024\/03\/Svatba_Anicka_Milan_Litomysl-175.jpg 1500w, https:\/\/janvosahlo.com\/wp-content\/uploads\/2024\/03\/Svatba_Anicka_Milan_Litomysl-175-300x200.jpg 300w, https:\/\/janvosahlo.com\/wp-content\/uploads\/2024\/03\/Svatba_Anicka_Milan_Litomysl-175-1024x683.jpg 1024w, https:\/\/janvosahlo.com\/wp-content\/uploads\/2024\/03\/Svatba_Anicka_Milan_Litomysl-175-768x512.jpg 768w\" sizes=\"(max-width: 1500px) 100vw, 1500px\" \/><\/div><\/a>            <div class=\"m-neuron-post__text\">\r\n        <h5 class=\"m-neuron-post__title\"><a href=\"https:\/\/janvosahlo.com\/index.php\/portfolio\/anicky-a-milana\/\">Svatebn\u00ed p\u0159\u00edb\u011bh Ani\u010dky a Milana<\/a><\/h5>        <div class=\"m-neuron-post__excerpt\">N\u00e1dhern\u00e1 zimn\u00e1 svatba na p\u0159ekr\u00e1sn\u00e9m z\u00e1mku v Litomy\u0161li\n<\/br><\/br>\nZ\u00e1meck\u00e9 n\u00e1vr\u0161\u00ed Litomy\u0161l\n<\/div>            <\/div>\r\n    <span class=\"m-neuron-post__meta-data\"> <span class=\"time\"> 12:28 am<\/span> <\/span><\/div>\t\t\t\t\t\t\t<\/article>\r\n\t\t\t\t\t\t\t\t\t\t\t<\/div>\r\n\t\t\t\r\n\t\t\t\t<\/div>\n\t\t\t\t<\/div>\n\t\t\t\t<\/div>\n\t\t\t\t<\/div>\n\t\t","protected":false},"excerpt":{"rendered":"<p>Portfolio Svatebn\u00ed p\u0159\u00edb\u011bh Nikoly a Davida Typick\u00e1 Jihomoravsk\u00e1 svatba ve vinn\u00e9m skl\u00edpku pln\u00e1 z\u00e1bavy a dobr\u00e9 n\u00e1lady! Vinn\u00e9 sklepy Sudom\u011b\u0159ice 10:35 pm Svatebn\u00ed p\u0159\u00edb\u011bh Ani\u010dky a M\u00ed\u0161i Svatba na malebn\u00e9m penzionu propojuj\u00edc\u00edm kr\u00e1su p\u0159\u00edrody a \u010desk\u00e9ho vesnick\u00e9ho \u017eivota Penzion Na Gruntu &#8211; Hazlov\u200b 10:24 pm Svatebn\u00ed p\u0159\u00edb\u011bh Ani\u010dky a Milana N\u00e1dhern\u00e1 zimn\u00e1 svatba na p\u0159ekr\u00e1sn\u00e9m&#8230;<\/p>\n","protected":false},"author":1,"featured_media":0,"parent":0,"menu_order":0,"comment_status":"closed","ping_status":"closed","template":"","meta":{"footnotes":""},"_links":{"self":[{"href":"https:\/\/janvosahlo.com\/index.php\/wp-json\/wp\/v2\/pages\/3388"}],"collection":[{"href":"https:\/\/janvosahlo.com\/index.php\/wp-json\/wp\/v2\/pages"}],"about":[{"href":"https:\/\/janvosahlo.com\/index.php\/wp-json\/wp\/v2\/types\/page"}],"author":[{"embeddable":true,"href":"https:\/\/janvosahlo.com\/index.php\/wp-json\/wp\/v2\/users\/1"}],"replies":[{"embeddable":true,"href":"https:\/\/janvosahlo.com\/index.php\/wp-json\/wp\/v2\/comments?post=3388"}],"version-history":[{"count":135,"href":"https:\/\/janvosahlo.com\/index.php\/wp-json\/wp\/v2\/pages\/3388\/revisions"}],"predecessor-version":[{"id":5036,"href":"https:\/\/janvosahlo.com\/index.php\/wp-json\/wp\/v2\/pages\/3388\/revisions\/5036"}],"wp:attachment":[{"href":"https:\/\/janvosahlo.com\/index.php\/wp-json\/wp\/v2\/media?parent=3388"}],"curies":[{"name":"wp","href":"https:\/\/api.w.org\/{rel}","templated":true}]}}