{"id":2474,"date":"2024-02-28T07:05:31","date_gmt":"2024-02-28T07:05:31","guid":{"rendered":"https:\/\/janvosahlo.com\/?page_id=2474"},"modified":"2024-02-28T11:16:02","modified_gmt":"2024-02-28T11:16:02","slug":"formular-smlouva-o-dilo-svatebni-foceni","status":"publish","type":"page","link":"https:\/\/janvosahlo.com\/index.php\/formular-smlouva-o-dilo-svatebni-foceni\/","title":{"rendered":"Formul\u00e1\u0159 Smlouva o d\u00edlo &#8211; svatebn\u00ed focen\u00ed"},"content":{"rendered":"\t\t<div data-elementor-type=\"wp-page\" data-elementor-id=\"2474\" class=\"elementor elementor-2474\" data-elementor-post-type=\"page\">\n\t\t\t\t\t\t<section class=\"elementor-section elementor-top-section elementor-element elementor-element-3e65223e elementor-section-full_width elementor-section-height-min-height n-amore-container--wide elementor-section-height-default elementor-section-items-middle\" data-id=\"3e65223e\" data-element_type=\"section\" data-settings=\"{&quot;background_background&quot;:&quot;classic&quot;}\">\n\t\t\t\t\t\t<div class=\"elementor-container elementor-column-gap-no\">\n\t\t\t\t\t<div class=\"elementor-column elementor-col-100 elementor-top-column elementor-element elementor-element-32f4a227\" data-id=\"32f4a227\" data-element_type=\"column\" data-settings=\"{&quot;background_background&quot;:&quot;classic&quot;}\">\n\t\t\t<div class=\"elementor-widget-wrap elementor-element-populated\">\n\t\t\t\t\t\t<div class=\"elementor-element elementor-element-24ef8513 elementor-widget elementor-widget-heading\" data-id=\"24ef8513\" data-element_type=\"widget\" data-widget_type=\"heading.default\">\n\t\t\t\t<div class=\"elementor-widget-container\">\n\t\t\t<style>\/*! elementor - v3.19.0 - 28-02-2024 *\/\n.elementor-heading-title{padding:0;margin:0;line-height:1}.elementor-widget-heading .elementor-heading-title[class*=elementor-size-]>a{color:inherit;font-size:inherit;line-height:inherit}.elementor-widget-heading .elementor-heading-title.elementor-size-small{font-size:15px}.elementor-widget-heading .elementor-heading-title.elementor-size-medium{font-size:19px}.elementor-widget-heading .elementor-heading-title.elementor-size-large{font-size:29px}.elementor-widget-heading .elementor-heading-title.elementor-size-xl{font-size:39px}.elementor-widget-heading .elementor-heading-title.elementor-size-xxl{font-size:59px}<\/style><h2 class=\"elementor-heading-title elementor-size-default\">Smlouva o d\u00edlo <br>\nSvatebn\u00ed focen\u00ed<\/h2>\t\t<\/div>\n\t\t\t\t<\/div>\n\t\t\t\t\t<\/div>\n\t\t<\/div>\n\t\t\t\t\t<\/div>\n\t\t<\/section>\n\t\t\t\t<section class=\"elementor-section elementor-top-section elementor-element elementor-element-540b85c elementor-section-boxed elementor-section-height-default elementor-section-height-default\" data-id=\"540b85c\" data-element_type=\"section\">\n\t\t\t\t\t\t<div class=\"elementor-container elementor-column-gap-default\">\n\t\t\t\t\t<div class=\"elementor-column elementor-col-100 elementor-top-column elementor-element elementor-element-40a93ad7\" data-id=\"40a93ad7\" data-element_type=\"column\">\n\t\t\t<div class=\"elementor-widget-wrap elementor-element-populated\">\n\t\t\t\t\t\t<div class=\"elementor-element elementor-element-3f4712f7 elementor-widget elementor-widget-neuron-form\" data-id=\"3f4712f7\" data-element_type=\"widget\" data-widget_type=\"neuron-form.default\">\n\t\t\t\t<div class=\"elementor-widget-container\">\n\t\t\t\t\t<form class=\"m-neuron-form\" method=\"post\" name=\"Smlouva o d\u00edlo - svatebn\u00ed focen\u00ed\">\r\n\t\t\t<input type=\"hidden\" name=\"post_id\" value=\"2474\"\/>\r\n\t\t\t<input type=\"hidden\" name=\"form_id\" value=\"3f4712f7\"\/>\r\n\r\n\t\t\t\t\t\t<div class=\"m-neuron-form__field-group--text m-neuron-form__field-group elementor-repeater-item-0591e08 m-neuron-form__field-group--required m-neuron-form__field-group--mark-required\">\r\n\t\t\t\t<label for=\"form-field-name1\" class=\"m-neuron-form__label\">Informace o objednateli<\/label><input size=\"1\" type=\"text\" name=\"form_fields[name1]\" id=\"form-field-name1\" class=\"m-neuron-form__field h-neuron-size-md  m-neuron-form__input\" placeholder=\"Jm\u00e9no objednatele\" required=\"required\" aria-required=\"true\">\t\t\t<\/div>\r\n\t\t\t\t\t\t<div class=\"m-neuron-form__field-group--text m-neuron-form__field-group elementor-repeater-item-d924c22\">\r\n\t\t\t\t<input size=\"1\" type=\"text\" name=\"form_fields[name2]\" id=\"form-field-name2\" class=\"m-neuron-form__field h-neuron-size-md  m-neuron-form__input\" placeholder=\"P\u0159\u00edjmen\u00ed objednatele\">\t\t\t<\/div>\r\n\t\t\t\t\t\t<div class=\"m-neuron-form__field-group--email m-neuron-form__field-group elementor-repeater-item-be006d6 m-neuron-form__field-group--required m-neuron-form__field-group--mark-required\">\r\n\t\t\t\t<input size=\"1\" type=\"email\" name=\"form_fields[email]\" id=\"form-field-email\" class=\"m-neuron-form__field h-neuron-size-md  m-neuron-form__input\" placeholder=\"Email\" required=\"required\" aria-required=\"true\">\t\t\t<\/div>\r\n\t\t\t\t\t\t<div class=\"m-neuron-form__field-group--text m-neuron-form__field-group elementor-repeater-item-b05f557 m-neuron-form__field-group--required m-neuron-form__field-group--mark-required\">\r\n\t\t\t\t<input size=\"1\" type=\"text\" name=\"form_fields[tel]\" id=\"form-field-tel\" class=\"m-neuron-form__field h-neuron-size-md  m-neuron-form__input\" placeholder=\"Telefon\" required=\"required\" aria-required=\"true\">\t\t\t<\/div>\r\n\t\t\t\t\t\t<div class=\"m-neuron-form__field-group--text m-neuron-form__field-group elementor-repeater-item-0001d83 m-neuron-form__field-group--required m-neuron-form__field-group--mark-required\">\r\n\t\t\t\t<input size=\"1\" type=\"text\" name=\"form_fields[field_0001d83]\" id=\"form-field-field_0001d83\" class=\"m-neuron-form__field h-neuron-size-md  m-neuron-form__input\" placeholder=\"Datum narozen\u00ed a nebo I\u010cO\" required=\"required\" aria-required=\"true\">\t\t\t<\/div>\r\n\t\t\t\t\t\t<div class=\"m-neuron-form__field-group--text m-neuron-form__field-group elementor-repeater-item-fb09859 m-neuron-form__field-group--required m-neuron-form__field-group--mark-required\">\r\n\t\t\t\t<input size=\"1\" type=\"text\" name=\"form_fields[date]\" id=\"form-field-date\" class=\"m-neuron-form__field h-neuron-size-md  m-neuron-form__input\" placeholder=\"Ulice bydli\u0161t\u011b\" required=\"required\" aria-required=\"true\">\t\t\t<\/div>\r\n\t\t\t\t\t\t<div class=\"m-neuron-form__field-group--text m-neuron-form__field-group elementor-repeater-item-194c4d5 m-neuron-form__field-group--required m-neuron-form__field-group--mark-required\">\r\n\t\t\t\t<input size=\"1\" type=\"text\" name=\"form_fields[place]\" id=\"form-field-place\" class=\"m-neuron-form__field h-neuron-size-md  m-neuron-form__input\" placeholder=\"M\u011bsto\" required=\"required\" aria-required=\"true\">\t\t\t<\/div>\r\n\t\t\t\t\t\t<div class=\"m-neuron-form__field-group--text m-neuron-form__field-group elementor-repeater-item-e81fc8f m-neuron-form__field-group--required m-neuron-form__field-group--mark-required\">\r\n\t\t\t\t<input size=\"1\" type=\"text\" name=\"form_fields[what]\" id=\"form-field-what\" class=\"m-neuron-form__field h-neuron-size-md  m-neuron-form__input\" placeholder=\"PS\u010c\" required=\"required\" aria-required=\"true\">\t\t\t<\/div>\r\n\t\t\t\t\t\t<div class=\"m-neuron-form__field-group--text m-neuron-form__field-group elementor-repeater-item-150c797\">\r\n\t\t\t\t<label for=\"form-field-field_150c797\" class=\"m-neuron-form__label\">\u00dadaje o svatb\u011b (m\u016f\u017eeme doplnit b\u011bhem sch\u016fzky)<\/label><input size=\"1\" type=\"text\" name=\"form_fields[field_150c797]\" id=\"form-field-field_150c797\" class=\"m-neuron-form__field h-neuron-size-md  m-neuron-form__input\" placeholder=\"Jm\u00e9no nev\u011bsty\">\t\t\t<\/div>\r\n\t\t\t\t\t\t<div class=\"m-neuron-form__field-group--text m-neuron-form__field-group elementor-repeater-item-93a2ab2\">\r\n\t\t\t\t<input size=\"1\" type=\"text\" name=\"form_fields[field_93a2ab2]\" id=\"form-field-field_93a2ab2\" class=\"m-neuron-form__field h-neuron-size-md  m-neuron-form__input\" placeholder=\"Telefon na nev\u011bstu\">\t\t\t<\/div>\r\n\t\t\t\t\t\t<div class=\"m-neuron-form__field-group--text m-neuron-form__field-group elementor-repeater-item-7d3515f\">\r\n\t\t\t\t<input size=\"1\" type=\"text\" name=\"form_fields[field_7d3515f]\" id=\"form-field-field_7d3515f\" class=\"m-neuron-form__field h-neuron-size-md  m-neuron-form__input\" placeholder=\"Jm\u00e9no \u017eenicha\">\t\t\t<\/div>\r\n\t\t\t\t\t\t<div class=\"m-neuron-form__field-group--text m-neuron-form__field-group elementor-repeater-item-310419b\">\r\n\t\t\t\t<input size=\"1\" type=\"text\" name=\"form_fields[field_310419b]\" id=\"form-field-field_310419b\" class=\"m-neuron-form__field h-neuron-size-md  m-neuron-form__input\" placeholder=\"Telefon na \u017eenicha\">\t\t\t<\/div>\r\n\t\t\t\t\t\t<div class=\"m-neuron-form__field-group--text m-neuron-form__field-group elementor-repeater-item-9ac8037\">\r\n\t\t\t\t<input size=\"1\" type=\"text\" name=\"form_fields[field_9ac8037]\" id=\"form-field-field_9ac8037\" class=\"m-neuron-form__field h-neuron-size-md  m-neuron-form__input\" placeholder=\"Jm\u00e9no sv\u011bdka\/ sv\u011bdkyn\u011b\">\t\t\t<\/div>\r\n\t\t\t\t\t\t<div class=\"m-neuron-form__field-group--text m-neuron-form__field-group elementor-repeater-item-c1f0029\">\r\n\t\t\t\t<input size=\"1\" type=\"text\" name=\"form_fields[field_c1f0029]\" id=\"form-field-field_c1f0029\" class=\"m-neuron-form__field h-neuron-size-md  m-neuron-form__input\" placeholder=\"Telefon na sv\u011bdka\/ sv\u011bdkyni\">\t\t\t<\/div>\r\n\t\t\t\t\t\t<div class=\"m-neuron-form__field-group--text m-neuron-form__field-group elementor-repeater-item-b8fcf17\">\r\n\t\t\t\t<input size=\"1\" type=\"text\" name=\"form_fields[field_b8fcf17]\" id=\"form-field-field_b8fcf17\" class=\"m-neuron-form__field h-neuron-size-md  m-neuron-form__input\" placeholder=\"M\u00edsto p\u0159\u00edprav\">\t\t\t<\/div>\r\n\t\t\t\t\t\t<div class=\"m-neuron-form__field-group--text m-neuron-form__field-group elementor-repeater-item-478cf94\">\r\n\t\t\t\t<input size=\"1\" type=\"text\" name=\"form_fields[field_478cf94]\" id=\"form-field-field_478cf94\" class=\"m-neuron-form__field h-neuron-size-md  m-neuron-form__input\" placeholder=\"\u010cas p\u0159\u00edprav\">\t\t\t<\/div>\r\n\t\t\t\t\t\t<div class=\"m-neuron-form__field-group--text m-neuron-form__field-group elementor-repeater-item-baf27e8\">\r\n\t\t\t\t<input size=\"1\" type=\"text\" name=\"form_fields[field_baf27e8]\" id=\"form-field-field_baf27e8\" class=\"m-neuron-form__field h-neuron-size-md  m-neuron-form__input\" placeholder=\"M\u00edsto ob\u0159adu\">\t\t\t<\/div>\r\n\t\t\t\t\t\t<div class=\"m-neuron-form__field-group--text m-neuron-form__field-group elementor-repeater-item-a7b888b\">\r\n\t\t\t\t<input size=\"1\" type=\"text\" name=\"form_fields[field_a7b888b]\" id=\"form-field-field_a7b888b\" class=\"m-neuron-form__field h-neuron-size-md  m-neuron-form__input\" placeholder=\"\u010cas ob\u0159adu\">\t\t\t<\/div>\r\n\t\t\t\t\t\t<div class=\"m-neuron-form__field-group--text m-neuron-form__field-group elementor-repeater-item-f49ebdd\">\r\n\t\t\t\t<input size=\"1\" type=\"text\" name=\"form_fields[field_f49ebdd]\" id=\"form-field-field_f49ebdd\" class=\"m-neuron-form__field h-neuron-size-md  m-neuron-form__input\" placeholder=\"M\u00edsto hostiny\">\t\t\t<\/div>\r\n\t\t\t\t\t\t<div class=\"m-neuron-form__field-group--text m-neuron-form__field-group elementor-repeater-item-a8c78df\">\r\n\t\t\t\t<input size=\"1\" type=\"text\" name=\"form_fields[field_a8c78df]\" id=\"form-field-field_a8c78df\" class=\"m-neuron-form__field h-neuron-size-md  m-neuron-form__input\" placeholder=\"\u010cas hostiny\">\t\t\t<\/div>\r\n\t\t\t\t\t\t<div class=\"m-neuron-form__field-group m-neuron-form__button\">\r\n\t\t\t\t<button type=\"submit\" class=\"m-neuron-form__submit-button a-neuron-button h-neuron-size--sm\">\r\n\t\t\t\t\t<span >\r\n\t\t\t\t\t\t\t\t\t\t\t\t\t<span class=\"m-neuron-form__button-icon\">\r\n\t\t\t\t\t\t\t\t\t\t\t\t\t\t\t\t\t\t\t\t\t\t\t<\/span>\r\n\t\t\t\t\t\t\t\t\t\t\t\t\t\t\t\t\t\t\t<span class=\"m-neuron-form__button-text\">Odesl\u00e1n\u00edm souhlas\u00edte se zpracov\u00e1n\u00edm osobn\u00edch \u00fadaj\u016f dle GDPR<\/span>\r\n\t\t\t\t\t\t\t\t\t\t\t<\/span>\r\n\t\t\t\t<\/button>\r\n\t\t\t<\/div>\r\n\t\t<\/form>\r\n\t\t\t\t<\/div>\n\t\t\t\t<\/div>\n\t\t\t\t\t<\/div>\n\t\t<\/div>\n\t\t\t\t\t<\/div>\n\t\t<\/section>\n\t\t\t\t<\/div>\n\t\t","protected":false},"excerpt":{"rendered":"<p>Smlouva o d\u00edlo Svatebn\u00ed focen\u00ed<\/p>\n","protected":false},"author":1,"featured_media":0,"parent":0,"menu_order":0,"comment_status":"closed","ping_status":"closed","template":"","meta":{"footnotes":""},"_links":{"self":[{"href":"https:\/\/janvosahlo.com\/index.php\/wp-json\/wp\/v2\/pages\/2474"}],"collection":[{"href":"https:\/\/janvosahlo.com\/index.php\/wp-json\/wp\/v2\/pages"}],"about":[{"href":"https:\/\/janvosahlo.com\/index.php\/wp-json\/wp\/v2\/types\/page"}],"author":[{"embeddable":true,"href":"https:\/\/janvosahlo.com\/index.php\/wp-json\/wp\/v2\/users\/1"}],"replies":[{"embeddable":true,"href":"https:\/\/janvosahlo.com\/index.php\/wp-json\/wp\/v2\/comments?post=2474"}],"version-history":[{"count":46,"href":"https:\/\/janvosahlo.com\/index.php\/wp-json\/wp\/v2\/pages\/2474\/revisions"}],"predecessor-version":[{"id":2525,"href":"https:\/\/janvosahlo.com\/index.php\/wp-json\/wp\/v2\/pages\/2474\/revisions\/2525"}],"wp:attachment":[{"href":"https:\/\/janvosahlo.com\/index.php\/wp-json\/wp\/v2\/media?parent=2474"}],"curies":[{"name":"wp","href":"https:\/\/api.w.org\/{rel}","templated":true}]}}