{"id":238,"date":"2023-03-09T13:18:29","date_gmt":"2023-03-09T13:18:29","guid":{"rendered":"https:\/\/neuronthemes.com\/amore\/?page_id=238"},"modified":"2025-05-21T12:02:51","modified_gmt":"2025-05-21T12:02:51","slug":"kontakt","status":"publish","type":"page","link":"https:\/\/janvosahlo.com\/index.php\/kontakt\/","title":{"rendered":"Kontakt"},"content":{"rendered":"\t\t<div data-elementor-type=\"wp-page\" data-elementor-id=\"238\" class=\"elementor elementor-238\" data-elementor-post-type=\"page\">\n\t\t\t\t\t\t<section class=\"elementor-section elementor-top-section elementor-element elementor-element-a70a83d elementor-section-full_width n-amore-container--wide elementor-section-content-middle elementor-section-height-default elementor-section-height-default\" data-id=\"a70a83d\" data-element_type=\"section\" data-settings=\"{&quot;background_background&quot;:&quot;classic&quot;}\">\n\t\t\t\t\t\t<div class=\"elementor-container elementor-column-gap-no\">\n\t\t\t\t\t<div class=\"elementor-column elementor-col-100 elementor-top-column elementor-element elementor-element-1e144bcf\" data-id=\"1e144bcf\" data-element_type=\"column\">\n\t\t\t<div class=\"elementor-widget-wrap elementor-element-populated\">\n\t\t\t\t\t\t<div class=\"elementor-element elementor-element-24fc29bd elementor-widget__width-auto elementor-widget elementor-widget-neuron-site-logo elementor-widget-image\" data-id=\"24fc29bd\" data-element_type=\"widget\" data-widget_type=\"neuron-site-logo.default\">\n\t\t\t\t<div class=\"elementor-widget-container\">\n\t\t\t\t\t\t\t\t\t\t\t\t\t\t<a href=\"https:\/\/janvosahlo.com\">\n\t\t\t\t\t\t\t<img fetchpriority=\"high\" decoding=\"async\" width=\"899\" height=\"500\" src=\"https:\/\/janvosahlo.com\/wp-content\/uploads\/2025\/03\/logo-creative.png\" class=\"attachment-full size-full wp-image-4343\" alt=\"\" srcset=\"https:\/\/janvosahlo.com\/wp-content\/uploads\/2025\/03\/logo-creative.png 899w, https:\/\/janvosahlo.com\/wp-content\/uploads\/2025\/03\/logo-creative-300x167.png 300w, https:\/\/janvosahlo.com\/wp-content\/uploads\/2025\/03\/logo-creative-768x427.png 768w\" sizes=\"(max-width: 899px) 100vw, 899px\" \/>\t\t\t\t\t\t\t\t<\/a>\n\t\t\t\t\t\t\t\t\t\t\t\t\t<\/div>\n\t\t\t\t<\/div>\n\t\t\t\t<div class=\"elementor-element elementor-element-19b914c0 elementor-widget__width-auto m-neuron-nav-menu--breakpoint-tablet m-neuron-nav-menu__pointer-none m-neuron-nav-menu--indicator-none elementor-hidden-tablet elementor-hidden-mobile m-neuron-nav-menu__align-right m-neuron-nav-menu__toggle-align-right m-neuron-nav-menu--horizontal m-neuron-nav-menu--stretch elementor-widget elementor-widget-neuron-nav-menu\" data-id=\"19b914c0\" data-element_type=\"widget\" data-widget_type=\"neuron-nav-menu.default\">\n\t\t\t\t<div class=\"elementor-widget-container\">\n\t\t\t\t\t\t\t<nav class=\"m-neuron-nav-menu\" id=\"m-neuron-nav-menu--id-3-19b914c0\"><ul id=\"menu-1-19b914c0\" class=\"m-neuron-nav-menu__list\"><li id=\"menu-item-3974\" class=\"menu-item menu-item-type-post_type menu-item-object-page menu-item-3974\"><a href=\"https:\/\/janvosahlo.com\/index.php\/svatby\/\">Svatby<\/a><\/li>\n<li id=\"menu-item-2895\" class=\"menu-item menu-item-type-custom menu-item-object-custom menu-item-2895\"><a href=\"https:\/\/janvosahlo.com\/index.php\/portfolio\/portrety\/\">Portr\u00e9ty<\/a><\/li>\n<li id=\"menu-item-4175\" class=\"menu-item menu-item-type-post_type menu-item-object-page menu-item-4175\"><a href=\"https:\/\/janvosahlo.com\/index.php\/reference\/\">Reference<\/a><\/li>\n<li id=\"menu-item-1714\" class=\"menu-item menu-item-type-post_type menu-item-object-page menu-item-1714\"><a href=\"https:\/\/janvosahlo.com\/index.php\/ceny\/\">Ceny<\/a><\/li>\n<li id=\"menu-item-4869\" class=\"menu-item menu-item-type-post_type menu-item-object-page menu-item-4869\"><a href=\"https:\/\/janvosahlo.com\/index.php\/blog\/\">Blog<\/a><\/li>\n<li id=\"menu-item-2129\" class=\"menu-item menu-item-type-post_type menu-item-object-page menu-item-2129\"><a href=\"https:\/\/janvosahlo.com\/index.php\/o-mne\/\">O mn\u011b<\/a><\/li>\n<li id=\"menu-item-2023\" class=\"menu-item menu-item-type-post_type menu-item-object-page menu-item-2023\"><a href=\"https:\/\/janvosahlo.com\/index.php\/kontakt\/\">Kontakt<\/a><\/li>\n<\/ul><\/nav>\r\n\t\t\t\t<nav class=\"m-neuron-nav-menu--mobile\" id=\"m-neuron-nav-menu--mobile--id-19b914c0\">\r\n\t\t\t\t\t<div class=\"m-neuron-nav-menu__hamburger-holder\">\r\n\t\t\t\t\t\t<a href=\"#\" class=\"m-neuron-nav-menu__hamburger\">\r\n\t\t\t\t\t\t\t<svg style=\"enable-background:new 0 0 139 139;\" version=\"1.1\" viewBox=\"0 0 139 139\" xml:space=\"preserve\" xmlns=\"http:\/\/www.w3.org\/2000\/svg\" xmlns:xlink=\"http:\/\/www.w3.org\/1999\/xlink\"><line class=\"st0\" x1=\"26.5\" x2=\"112.5\" y1=\"46.3\" y2=\"46.3\"\/><line class=\"st0\" x1=\"26.5\" x2=\"112.5\" y1=\"92.7\" y2=\"92.7\"\/><line class=\"st0\" x1=\"26.5\" x2=\"112.5\" y1=\"69.5\" y2=\"69.5\"\/><\/svg>\r\n\t\t\t\t\t\t<\/a>\r\n\t\t\t\t\t<\/div>\r\n\t\t\t\t\t<ul id=\"menu-2-19b914c0\" class=\"m-neuron-nav-menu__list\"><li class=\"menu-item menu-item-type-post_type menu-item-object-page menu-item-3974\"><a href=\"https:\/\/janvosahlo.com\/index.php\/svatby\/\">Svatby<\/a><\/li>\n<li class=\"menu-item menu-item-type-custom menu-item-object-custom menu-item-2895\"><a href=\"https:\/\/janvosahlo.com\/index.php\/portfolio\/portrety\/\">Portr\u00e9ty<\/a><\/li>\n<li class=\"menu-item menu-item-type-post_type menu-item-object-page menu-item-4175\"><a href=\"https:\/\/janvosahlo.com\/index.php\/reference\/\">Reference<\/a><\/li>\n<li class=\"menu-item menu-item-type-post_type menu-item-object-page menu-item-1714\"><a href=\"https:\/\/janvosahlo.com\/index.php\/ceny\/\">Ceny<\/a><\/li>\n<li class=\"menu-item menu-item-type-post_type menu-item-object-page menu-item-4869\"><a href=\"https:\/\/janvosahlo.com\/index.php\/blog\/\">Blog<\/a><\/li>\n<li class=\"menu-item menu-item-type-post_type menu-item-object-page menu-item-2129\"><a href=\"https:\/\/janvosahlo.com\/index.php\/o-mne\/\">O mn\u011b<\/a><\/li>\n<li class=\"menu-item menu-item-type-post_type menu-item-object-page menu-item-2023\"><a href=\"https:\/\/janvosahlo.com\/index.php\/kontakt\/\">Kontakt<\/a><\/li>\n<\/ul>\t\t\t\t<\/nav>\r\n\t\t\t\t\t<\/div>\n\t\t\t\t<\/div>\n\t\t\t\t<div class=\"elementor-element elementor-element-49e83f8c elementor-widget__width-auto elementor-widget-mobile__width-auto elementor-hidden-desktop elementor-view-default elementor-widget elementor-widget-icon\" data-id=\"49e83f8c\" data-element_type=\"widget\" data-widget_type=\"icon.default\">\n\t\t\t\t<div class=\"elementor-widget-container\">\n\t\t\t\t\t<div class=\"elementor-icon-wrapper\">\n\t\t\t<a class=\"elementor-icon\" href=\"#elementor-action%3Aaction%3Dpopup%3Aopen%26settings%3DeyJpZCI6IjEwMzIiLCJ0b2dnbGUiOmZhbHNlfQ%3D%3D\">\n\t\t\t<i aria-hidden=\"true\" class=\"n-icon n-icon-hamburger\"><\/i>\t\t\t<\/a>\n\t\t<\/div>\n\t\t\t\t<\/div>\n\t\t\t\t<\/div>\n\t\t\t\t\t<\/div>\n\t\t<\/div>\n\t\t\t\t\t<\/div>\n\t\t<\/section>\n\t\t<div class=\"elementor-element elementor-element-3bb664b1 e-con-full e-flex e-con e-parent\" data-id=\"3bb664b1\" data-element_type=\"container\" data-settings=\"{&quot;content_width&quot;:&quot;full&quot;,&quot;background_background&quot;:&quot;classic&quot;}\" data-core-v316-plus=\"true\">\n\t\t<div class=\"elementor-element elementor-element-5e816644 e-con-full e-flex e-con e-child\" data-id=\"5e816644\" data-element_type=\"container\" data-settings=\"{&quot;content_width&quot;:&quot;full&quot;}\">\n\t\t\t\t<div class=\"elementor-element elementor-element-2fd06a3f elementor-widget elementor-widget-heading\" data-id=\"2fd06a3f\" data-element_type=\"widget\" data-widget_type=\"heading.default\">\n\t\t\t\t<div class=\"elementor-widget-container\">\n\t\t\t<style>\/*! elementor - v3.19.0 - 28-02-2024 *\/\n.elementor-heading-title{padding:0;margin:0;line-height:1}.elementor-widget-heading .elementor-heading-title[class*=elementor-size-]>a{color:inherit;font-size:inherit;line-height:inherit}.elementor-widget-heading .elementor-heading-title.elementor-size-small{font-size:15px}.elementor-widget-heading .elementor-heading-title.elementor-size-medium{font-size:19px}.elementor-widget-heading .elementor-heading-title.elementor-size-large{font-size:29px}.elementor-widget-heading .elementor-heading-title.elementor-size-xl{font-size:39px}.elementor-widget-heading .elementor-heading-title.elementor-size-xxl{font-size:59px}<\/style><h2 class=\"elementor-heading-title elementor-size-default\">Kontakt<\/h2>\t\t<\/div>\n\t\t\t\t<\/div>\n\t\t\t\t<div class=\"elementor-element elementor-element-416362ae elementor-widget elementor-widget-text-editor\" data-id=\"416362ae\" data-element_type=\"widget\" data-widget_type=\"text-editor.default\">\n\t\t\t\t<div class=\"elementor-widget-container\">\n\t\t\t<style>\/*! elementor - v3.19.0 - 28-02-2024 *\/\n.elementor-widget-text-editor.elementor-drop-cap-view-stacked .elementor-drop-cap{background-color:#69727d;color:#fff}.elementor-widget-text-editor.elementor-drop-cap-view-framed .elementor-drop-cap{color:#69727d;border:3px solid;background-color:transparent}.elementor-widget-text-editor:not(.elementor-drop-cap-view-default) .elementor-drop-cap{margin-top:8px}.elementor-widget-text-editor:not(.elementor-drop-cap-view-default) .elementor-drop-cap-letter{width:1em;height:1em}.elementor-widget-text-editor .elementor-drop-cap{float:left;text-align:center;line-height:1;font-size:50px}.elementor-widget-text-editor .elementor-drop-cap-letter{display:inline-block}<\/style>\t\t\t\t<p>L\u00edb\u00ed se V\u00e1m m\u00e1 tvorba? Tak sta\u010d\u00ed napsat a domluvit si term\u00edn!\u00a0<\/p>\t\t\t\t\t\t<\/div>\n\t\t\t\t<\/div>\n\t\t\t\t<\/div>\n\t\t<div class=\"elementor-element elementor-element-350045bc e-con-full e-flex e-con e-child\" data-id=\"350045bc\" data-element_type=\"container\" data-settings=\"{&quot;content_width&quot;:&quot;full&quot;}\">\n\t\t\t\t<\/div>\n\t\t<div class=\"elementor-element elementor-element-251af158 e-con-full e-flex e-con e-child\" data-id=\"251af158\" data-element_type=\"container\" data-settings=\"{&quot;content_width&quot;:&quot;full&quot;}\">\n\t\t\t\t<\/div>\n\t\t\t\t<\/div>\n\t\t\t\t<section class=\"elementor-section elementor-top-section elementor-element elementor-element-11ee62d elementor-section-height-min-height elementor-section-items-bottom n-amore-container--wide elementor-section-boxed elementor-section-height-default\" data-id=\"11ee62d\" data-element_type=\"section\" data-settings=\"{&quot;background_background&quot;:&quot;classic&quot;}\">\n\t\t\t\t\t\t<div class=\"elementor-container elementor-column-gap-no\">\n\t\t\t\t\t<div class=\"elementor-column elementor-col-50 elementor-top-column elementor-element elementor-element-7ef6abd\" data-id=\"7ef6abd\" data-element_type=\"column\">\n\t\t\t<div class=\"elementor-widget-wrap elementor-element-populated\">\n\t\t\t\t\t\t<div class=\"elementor-element elementor-element-276a5f9 elementor-widget elementor-widget-heading\" data-id=\"276a5f9\" data-element_type=\"widget\" data-widget_type=\"heading.default\">\n\t\t\t\t<div class=\"elementor-widget-container\">\n\t\t\t<h6 class=\"elementor-heading-title elementor-size-default\">Mail<\/h6>\t\t<\/div>\n\t\t\t\t<\/div>\n\t\t\t\t<div class=\"elementor-element elementor-element-35b8816 elementor-widget elementor-widget-heading\" data-id=\"35b8816\" data-element_type=\"widget\" data-widget_type=\"heading.default\">\n\t\t\t\t<div class=\"elementor-widget-container\">\n\t\t\t<h4 class=\"elementor-heading-title elementor-size-default\"><a href=\"mailto:hello@janvosahlo.cz\">hello@janvosahlo.cz<\/a><\/h4>\t\t<\/div>\n\t\t\t\t<\/div>\n\t\t\t\t\t<\/div>\n\t\t<\/div>\n\t\t\t\t<div class=\"elementor-column elementor-col-50 elementor-top-column elementor-element elementor-element-004b702\" data-id=\"004b702\" data-element_type=\"column\">\n\t\t\t<div class=\"elementor-widget-wrap elementor-element-populated\">\n\t\t\t\t\t\t<div class=\"elementor-element elementor-element-e7136fd elementor-widget elementor-widget-heading\" data-id=\"e7136fd\" data-element_type=\"widget\" data-widget_type=\"heading.default\">\n\t\t\t\t<div class=\"elementor-widget-container\">\n\t\t\t<h6 class=\"elementor-heading-title elementor-size-default\">Telefon<\/h6>\t\t<\/div>\n\t\t\t\t<\/div>\n\t\t\t\t<div class=\"elementor-element elementor-element-ddf9049 elementor-widget elementor-widget-heading\" data-id=\"ddf9049\" data-element_type=\"widget\" data-widget_type=\"heading.default\">\n\t\t\t\t<div class=\"elementor-widget-container\">\n\t\t\t<h4 class=\"elementor-heading-title elementor-size-default\">+420 730 674 135<\/h4>\t\t<\/div>\n\t\t\t\t<\/div>\n\t\t\t\t<div class=\"elementor-element elementor-element-e87b359 elementor-hidden-desktop elementor-hidden-tablet elementor-hidden-mobile elementor-widget elementor-widget-heading\" data-id=\"e87b359\" data-element_type=\"widget\" data-widget_type=\"heading.default\">\n\t\t\t\t<div class=\"elementor-widget-container\">\n\t\t\t<h6 class=\"elementor-heading-title elementor-size-default\">Kde pracuji?<\/h6>\t\t<\/div>\n\t\t\t\t<\/div>\n\t\t\t\t<div class=\"elementor-element elementor-element-518aae2 elementor-hidden-desktop elementor-hidden-tablet elementor-hidden-mobile elementor-icon-list--layout-traditional elementor-list-item-link-full_width elementor-widget elementor-widget-icon-list\" data-id=\"518aae2\" data-element_type=\"widget\" data-widget_type=\"icon-list.default\">\n\t\t\t\t<div class=\"elementor-widget-container\">\n\t\t\t<link rel=\"stylesheet\" href=\"https:\/\/janvosahlo.com\/wp-content\/plugins\/elementor\/assets\/css\/widget-icon-list.min.css\">\t\t<ul class=\"elementor-icon-list-items\">\n\t\t\t\t\t\t\t<li class=\"elementor-icon-list-item\">\n\t\t\t\t\t\t\t\t\t\t<span class=\"elementor-icon-list-text\">Cel\u00e1 \u010cR, nejv\u00edce se pohybuji v okol\u00ed Olomouce<\/span>\n\t\t\t\t\t\t\t\t\t<\/li>\n\t\t\t\t\t\t<\/ul>\n\t\t\t\t<\/div>\n\t\t\t\t<\/div>\n\t\t\t\t\t<\/div>\n\t\t<\/div>\n\t\t\t\t\t<\/div>\n\t\t<\/section>\n\t\t\t\t<section class=\"elementor-section elementor-top-section elementor-element elementor-element-76b2e55 elementor-section-boxed elementor-section-height-default elementor-section-height-default\" data-id=\"76b2e55\" data-element_type=\"section\">\n\t\t\t\t\t\t<div class=\"elementor-container elementor-column-gap-default\">\n\t\t\t\t\t<div class=\"elementor-column elementor-col-100 elementor-top-column elementor-element elementor-element-d10013c\" data-id=\"d10013c\" data-element_type=\"column\">\n\t\t\t<div class=\"elementor-widget-wrap elementor-element-populated\">\n\t\t\t\t\t\t<div class=\"elementor-element elementor-element-0ae0c1b elementor-widget elementor-widget-neuron-form\" data-id=\"0ae0c1b\" data-element_type=\"widget\" data-widget_type=\"neuron-form.default\">\n\t\t\t\t<div class=\"elementor-widget-container\">\n\t\t\t\t\t<form class=\"m-neuron-form\" method=\"post\" name=\"New Form\">\r\n\t\t\t<input type=\"hidden\" name=\"post_id\" value=\"238\"\/>\r\n\t\t\t<input type=\"hidden\" name=\"form_id\" value=\"0ae0c1b\"\/>\r\n\r\n\t\t\t\t\t\t<div class=\"m-neuron-form__field-group--text m-neuron-form__field-group elementor-repeater-item-0591e08 m-neuron-form__field-group--required m-neuron-form__field-group--mark-required\">\r\n\t\t\t\t<label for=\"form-field-name\" class=\"m-neuron-form__label\">Jm\u00e9no a p\u0159\u00edjmen\u00ed<\/label><input size=\"1\" type=\"text\" name=\"form_fields[name]\" id=\"form-field-name\" class=\"m-neuron-form__field h-neuron-size-md  m-neuron-form__input\" required=\"required\" aria-required=\"true\">\t\t\t<\/div>\r\n\t\t\t\t\t\t<div class=\"m-neuron-form__field-group--email m-neuron-form__field-group elementor-repeater-item-be006d6 m-neuron-form__field-group--required m-neuron-form__field-group--mark-required\">\r\n\t\t\t\t<label for=\"form-field-email\" class=\"m-neuron-form__label\">Email<\/label><input size=\"1\" type=\"email\" name=\"form_fields[email]\" id=\"form-field-email\" class=\"m-neuron-form__field h-neuron-size-md  m-neuron-form__input\" placeholder=\"Email\" required=\"required\" aria-required=\"true\">\t\t\t<\/div>\r\n\t\t\t\t\t\t<div class=\"m-neuron-form__field-group--text m-neuron-form__field-group elementor-repeater-item-b05f557 m-neuron-form__field-group--required m-neuron-form__field-group--mark-required\">\r\n\t\t\t\t<label for=\"form-field-tel\" class=\"m-neuron-form__label\">Telefon<\/label><input size=\"1\" type=\"text\" name=\"form_fields[tel]\" id=\"form-field-tel\" class=\"m-neuron-form__field h-neuron-size-md  m-neuron-form__input\" required=\"required\" aria-required=\"true\">\t\t\t<\/div>\r\n\t\t\t\t\t\t<div class=\"m-neuron-form__field-group--date m-neuron-form__field-group elementor-repeater-item-fb09859\">\r\n\t\t\t\t<label for=\"form-field-date\" class=\"m-neuron-form__label\">Datum focen\u00ed<\/label><input type=\"date\" name=\"form_fields[date]\" id=\"form-field-date\" class=\"m-neuron-form__field h-neuron-size-md  m-neuron-form__field neuron-date-field\" pattern=\"[0-9]{4}-[0-9]{2}-[0-9]{2}\" min=\"2024-01-01\">\t\t\t<\/div>\r\n\t\t\t\t\t\t<div class=\"m-neuron-form__field-group--text m-neuron-form__field-group elementor-repeater-item-194c4d5\">\r\n\t\t\t\t<label for=\"form-field-place\" class=\"m-neuron-form__label\">M\u00edsto focen\u00ed<\/label><input size=\"1\" type=\"text\" name=\"form_fields[place]\" id=\"form-field-place\" class=\"m-neuron-form__field h-neuron-size-md  m-neuron-form__input\">\t\t\t<\/div>\r\n\t\t\t\t\t\t<div class=\"m-neuron-form__field-group--text m-neuron-form__field-group elementor-repeater-item-e81fc8f\">\r\n\t\t\t\t<label for=\"form-field-what\" class=\"m-neuron-form__label\">Co budeme fotit?<\/label><input size=\"1\" type=\"text\" name=\"form_fields[what]\" id=\"form-field-what\" class=\"m-neuron-form__field h-neuron-size-md  m-neuron-form__input\">\t\t\t<\/div>\r\n\t\t\t\t\t\t<div class=\"m-neuron-form__field-group--textarea m-neuron-form__field-group elementor-repeater-item-afae9e2\">\r\n\t\t\t\t<label for=\"form-field-message\" class=\"m-neuron-form__label\">Dal\u0161\u00ed informace<\/label><textarea class=\"m-neuron-form__field  h-neuron-size-md\" name=\"form_fields[message]\" id=\"form-field-message\" rows=\"4\" placeholder=\"Message\"><\/textarea>\t\t\t<\/div>\r\n\t\t\t\t\t\t<div class=\"m-neuron-form__field-group m-neuron-form__button\">\r\n\t\t\t\t<button type=\"submit\" class=\"m-neuron-form__submit-button a-neuron-button h-neuron-size--sm\">\r\n\t\t\t\t\t<span >\r\n\t\t\t\t\t\t\t\t\t\t\t\t\t<span class=\"m-neuron-form__button-icon\">\r\n\t\t\t\t\t\t\t\t\t\t\t\t\t\t\t\t\t\t\t\t\t\t\t<\/span>\r\n\t\t\t\t\t\t\t\t\t\t\t\t\t\t\t\t\t\t\t<span class=\"m-neuron-form__button-text\">Odeslat nez\u00e1vaznou popt\u00e1vku<\/span>\r\n\t\t\t\t\t\t\t\t\t\t\t<\/span>\r\n\t\t\t\t<\/button>\r\n\t\t\t<\/div>\r\n\t\t<\/form>\r\n\t\t\t\t<\/div>\n\t\t\t\t<\/div>\n\t\t\t\t\t<\/div>\n\t\t<\/div>\n\t\t\t\t\t<\/div>\n\t\t<\/section>\n\t\t\t\t<\/div>\n\t\t","protected":false},"excerpt":{"rendered":"<p>Dom\u016f Svatby Portr\u00e9ty Reference Ceny Blog O mn\u011b Kontakt Dom\u016f Svatby Portr\u00e9ty Reference Ceny Blog O mn\u011b Kontakt Kontakt L\u00edb\u00ed se V\u00e1m m\u00e1 tvorba? Tak sta\u010d\u00ed napsat a domluvit si term\u00edn!\u00a0 Mail hello@janvosahlo.cz Telefon +420 730 674 135 Kde pracuji? Cel\u00e1 \u010cR, nejv\u00edce se pohybuji v okol\u00ed Olomouce<\/p>\n","protected":false},"author":1,"featured_media":0,"parent":0,"menu_order":0,"comment_status":"closed","ping_status":"closed","template":"","meta":{"footnotes":""},"_links":{"self":[{"href":"https:\/\/janvosahlo.com\/index.php\/wp-json\/wp\/v2\/pages\/238"}],"collection":[{"href":"https:\/\/janvosahlo.com\/index.php\/wp-json\/wp\/v2\/pages"}],"about":[{"href":"https:\/\/janvosahlo.com\/index.php\/wp-json\/wp\/v2\/types\/page"}],"author":[{"embeddable":true,"href":"https:\/\/janvosahlo.com\/index.php\/wp-json\/wp\/v2\/users\/1"}],"replies":[{"embeddable":true,"href":"https:\/\/janvosahlo.com\/index.php\/wp-json\/wp\/v2\/comments?post=238"}],"version-history":[{"count":172,"href":"https:\/\/janvosahlo.com\/index.php\/wp-json\/wp\/v2\/pages\/238\/revisions"}],"predecessor-version":[{"id":5399,"href":"https:\/\/janvosahlo.com\/index.php\/wp-json\/wp\/v2\/pages\/238\/revisions\/5399"}],"wp:attachment":[{"href":"https:\/\/janvosahlo.com\/index.php\/wp-json\/wp\/v2\/media?parent=238"}],"curies":[{"name":"wp","href":"https:\/\/api.w.org\/{rel}","templated":true}]}}