{"id":1952,"date":"2024-02-14T22:05:54","date_gmt":"2024-02-14T22:05:54","guid":{"rendered":"https:\/\/janvosahlo.com\/?page_id=1952"},"modified":"2024-02-15T17:59:25","modified_gmt":"2024-02-15T17:59:25","slug":"vop","status":"publish","type":"page","link":"https:\/\/janvosahlo.com\/index.php\/vop\/","title":{"rendered":"vop"},"content":{"rendered":"\t\t<div data-elementor-type=\"wp-page\" data-elementor-id=\"1952\" class=\"elementor elementor-1952\" data-elementor-post-type=\"page\">\n\t\t\t\t<div class=\"elementor-element elementor-element-9883755 e-flex e-con-boxed e-con e-parent\" data-id=\"9883755\" data-element_type=\"container\" data-settings=\"{&quot;content_width&quot;:&quot;boxed&quot;}\" data-core-v316-plus=\"true\">\n\t\t\t\t\t<div class=\"e-con-inner\">\n\t\t\t\t<div class=\"elementor-element elementor-element-b9ebd72 elementor-widget elementor-widget-heading\" data-id=\"b9ebd72\" data-element_type=\"widget\" data-widget_type=\"heading.default\">\n\t\t\t\t<div class=\"elementor-widget-container\">\n\t\t\t<style>\/*! elementor - v3.19.0 - 28-02-2024 *\/\n.elementor-heading-title{padding:0;margin:0;line-height:1}.elementor-widget-heading .elementor-heading-title[class*=elementor-size-]>a{color:inherit;font-size:inherit;line-height:inherit}.elementor-widget-heading .elementor-heading-title.elementor-size-small{font-size:15px}.elementor-widget-heading .elementor-heading-title.elementor-size-medium{font-size:19px}.elementor-widget-heading .elementor-heading-title.elementor-size-large{font-size:29px}.elementor-widget-heading .elementor-heading-title.elementor-size-xl{font-size:39px}.elementor-widget-heading .elementor-heading-title.elementor-size-xxl{font-size:59px}<\/style><h2 class=\"elementor-heading-title elementor-size-default\">OBCHODN\u00cd  PODM\u00cdNKY<\/h2>\t\t<\/div>\n\t\t\t\t<\/div>\n\t\t\t\t<div class=\"elementor-element elementor-element-fbb67ae elementor-widget elementor-widget-text-editor\" data-id=\"fbb67ae\" data-element_type=\"widget\" data-widget_type=\"text-editor.default\">\n\t\t\t\t<div class=\"elementor-widget-container\">\n\t\t\t<style>\/*! elementor - v3.19.0 - 28-02-2024 *\/\n.elementor-widget-text-editor.elementor-drop-cap-view-stacked .elementor-drop-cap{background-color:#69727d;color:#fff}.elementor-widget-text-editor.elementor-drop-cap-view-framed .elementor-drop-cap{color:#69727d;border:3px solid;background-color:transparent}.elementor-widget-text-editor:not(.elementor-drop-cap-view-default) .elementor-drop-cap{margin-top:8px}.elementor-widget-text-editor:not(.elementor-drop-cap-view-default) .elementor-drop-cap-letter{width:1em;height:1em}.elementor-widget-text-editor .elementor-drop-cap{float:left;text-align:center;line-height:1;font-size:50px}.elementor-widget-text-editor .elementor-drop-cap-letter{display:inline-block}<\/style>\t\t\t\t<p><strong>PLATN\u00c9 OD&nbsp; 24.10.2022<\/strong><br>Jan Vos\u00e1hlo<br>hello@janvosahlo.cz<br>+420 730 674 135<br>I\u010c 09052691<br>Podnikatel je zaps\u00e1n v \u017eivnostensk\u00e9m rejst\u0159\u00edku m\u011bsta \u0160umperk<br>Nepl\u00e1tce DPH<\/p>\t\t\t\t\t\t<\/div>\n\t\t\t\t<\/div>\n\t\t\t\t<div class=\"elementor-element elementor-element-49c1dd7 elementor-widget elementor-widget-heading\" data-id=\"49c1dd7\" data-element_type=\"widget\" data-widget_type=\"heading.default\">\n\t\t\t\t<div class=\"elementor-widget-container\">\n\t\t\t<h4 class=\"elementor-heading-title elementor-size-default\">Z\u00c1KLADN\u00cd USTANOVEN\u00cd<\/h4>\t\t<\/div>\n\t\t\t\t<\/div>\n\t\t\t\t<div class=\"elementor-element elementor-element-87c4459 elementor-widget elementor-widget-text-editor\" data-id=\"87c4459\" data-element_type=\"widget\" data-widget_type=\"text-editor.default\">\n\t\t\t\t<div class=\"elementor-widget-container\">\n\t\t\t\t\t\t\t<p>\u2013 Tyto obchodn\u00ed podm\u00ednky upravuj\u00ed vztahy mezi smluvn\u00edmi stranami, kdy na jedn\u00e9 stran\u011b je podnikatel Jan Vos\u00e1hlo, Kozinova 35\/5, \u0160umperk 787 01, jako zhotovitel\/poskytovatel d\u00edla nebo slu\u017eeb (d\u00e1le jen \u201efotograf\u201c) a na stran\u011b druh\u00e9 objednatel (d\u00e1le jen \u201eklient\u201c).<\/p><p>\u2013 Klientem se rozum\u00ed ka\u017ed\u00e1 fyzick\u00e1 i pr\u00e1vnick\u00e1 osoba, kter\u00e9 vznik\u00e1 povinnost zaplatit cenu d\u00edla a d\u00edlo od zhotovitele p\u0159evz\u00edt.<\/p><p>\u2013 Klient potvrzen\u00edm term\u00ednu fotografov\u00e1n\u00ed potvrzuje, \u017ee se p\u0159ed uzav\u0159en\u00edm smlouvy sezn\u00e1mil s t\u011bmito obchodn\u00edmi podm\u00ednkami, stejn\u011b tak s autorsk\u00fdm p\u0159\u00edstupem a fotografick\u00fdm stylem, se kter\u00fdm fotograf pracuje, a nem\u00e1 proti nim \u017e\u00e1dn\u00e9 v\u00fdhrady a \u017ee s nimi v\u00fdslovn\u011b souhlas\u00ed, a to ve zn\u011bn\u00ed platn\u00e9m a \u00fa\u010dinn\u00e9m v moment\u011b odesl\u00e1n\u00ed potvrzuj\u00edc\u00edho e-mailu, zpr\u00e1vy na Facebooku\/Instagramu nebo SMS.<\/p>\t\t\t\t\t\t<\/div>\n\t\t\t\t<\/div>\n\t\t\t\t<div class=\"elementor-element elementor-element-bba3700 elementor-widget elementor-widget-heading\" data-id=\"bba3700\" data-element_type=\"widget\" data-widget_type=\"heading.default\">\n\t\t\t\t<div class=\"elementor-widget-container\">\n\t\t\t<h4 class=\"elementor-heading-title elementor-size-default\">ZPRACOV\u00c1N\u00cd OSOBN\u00cdCH \u00daDAJ\u016e\n<\/h4>\t\t<\/div>\n\t\t\t\t<\/div>\n\t\t\t\t<div class=\"elementor-element elementor-element-7b11900 elementor-widget elementor-widget-text-editor\" data-id=\"7b11900\" data-element_type=\"widget\" data-widget_type=\"text-editor.default\">\n\t\t\t\t<div class=\"elementor-widget-container\">\n\t\t\t\t\t\t\t<p>\u2013 Fotograf v okam\u017eiku objedn\u00e1n\u00ed z\u00edsk\u00e1v\u00e1 ke zpracov\u00e1n\u00ed osobn\u00ed \u00fadaje klienta, a to jm\u00e9no, p\u0159\u00edjmen\u00ed, datum narozen\u00ed, adresu trval\u00e9ho bydli\u0161t\u011b, adresu pro doru\u010dov\u00e1n\u00ed v listinn\u00e9 form\u011b, emailovou adresu a telefonn\u00ed \u010d\u00edslo. Ochrana t\u011bchto osobn\u00edch \u00fadaj\u016f podl\u00e9h\u00e1 na\u0159\u00edzen\u00edm Evropsk\u00e9ho parlamentu a rady EU \u010d. 2016\/679<\/p><p>\u2013 Tyto osobn\u00ed \u00fadaje jsou poskytnuty za \u00fa\u010delem poskytov\u00e1n\u00ed slu\u017eeb a realizace vz\u00e1jemn\u00e9 komunikace mezi fotografem a klientem.<\/p>\t\t\t\t\t\t<\/div>\n\t\t\t\t<\/div>\n\t\t\t\t<div class=\"elementor-element elementor-element-02cb323 elementor-widget elementor-widget-heading\" data-id=\"02cb323\" data-element_type=\"widget\" data-widget_type=\"heading.default\">\n\t\t\t\t<div class=\"elementor-widget-container\">\n\t\t\t<h4 class=\"elementor-heading-title elementor-size-default\">OBJEDN\u00c1VKA<\/h4>\t\t<\/div>\n\t\t\t\t<\/div>\n\t\t\t\t<div class=\"elementor-element elementor-element-12febbf elementor-widget elementor-widget-text-editor\" data-id=\"12febbf\" data-element_type=\"widget\" data-widget_type=\"text-editor.default\">\n\t\t\t\t<div class=\"elementor-widget-container\">\n\t\t\t\t\t\t\t<p>\u2013 Objedn\u00e1vkou se rozum\u00ed potvrzen\u00ed nab\u00eddky (e-mailem, zpr\u00e1vou na Facebooku\/Instagramu nebo SMS) mezi fotografem a klientem o poskytnut\u00ed slu\u017eby, zhotoven\u00ed d\u00edla.<\/p><p>\u2013 Po vz\u00e1jemn\u00e9 dohod\u011b mezi stranami bude fotografem ur\u010den pro klienta nejvhodn\u011bj\u0161\u00ed voln\u00fd term\u00edn fotografov\u00e1n\u00ed.<\/p><p>\u2013 Rezervaci term\u00ednu lze pova\u017eovat za z\u00e1vaznou obdr\u017een\u00edm stanoven\u00e9 z\u00e1lohy. Do t\u00e9to doby nelze term\u00edn pova\u017eovat za rezervovan\u00fd.<\/p>\t\t\t\t\t\t<\/div>\n\t\t\t\t<\/div>\n\t\t\t\t<div class=\"elementor-element elementor-element-5d32313 elementor-widget elementor-widget-heading\" data-id=\"5d32313\" data-element_type=\"widget\" data-widget_type=\"heading.default\">\n\t\t\t\t<div class=\"elementor-widget-container\">\n\t\t\t<h4 class=\"elementor-heading-title elementor-size-default\">PLATBA A Z\u00c1LOHA\n<\/h4>\t\t<\/div>\n\t\t\t\t<\/div>\n\t\t\t\t<div class=\"elementor-element elementor-element-c0bba47 elementor-widget elementor-widget-text-editor\" data-id=\"c0bba47\" data-element_type=\"widget\" data-widget_type=\"text-editor.default\">\n\t\t\t\t<div class=\"elementor-widget-container\">\n\t\t\t\t\t\t\t<p>\u2013 Pro rezervaci je vystavena z\u00e1lohov\u00e1 faktura a po jej\u00edm uhrazen\u00ed je rezervace term\u00ednu platn\u00e1.<\/p><p>\u2013 Zbyl\u00e1 celkov\u00e1 \u010d\u00e1stka za fotografov\u00e1n\u00ed je splatn\u00e1 do p\u011bti pracovn\u00edch dn\u016f p\u0159evodem od kon\u00e1n\u00ed fotografovan\u00e9 objedn\u00e1vky.<\/p><p>\u2013 Cena za fotografie vybran\u00e9 nad r\u00e1mec kolekce je formou doplatku zaplacena p\u0159evodem na \u00fa\u010det je\u0161t\u011b p\u0159ed jejich zpracov\u00e1n\u00edm.<\/p><p>\u2013 Klient m\u00e1 pr\u00e1vo zru\u0161it objedn\u00e1vku nejpozd\u011bji 3 m\u011bs\u00edce p\u0159ed dnem kon\u00e1n\u00ed fotografovan\u00e9 objedn\u00e1vky. V takov\u00e9m p\u0159\u00edpad\u011b mu bude vr\u00e1ceno 25 % z\u00e1lohy po ode\u010dten\u00ed dolo\u017een\u00fdch a nutn\u011b vynalo\u017een\u00fdch n\u00e1klad\u016f spojen\u00fdch s p\u0159\u00edpadn\u011b ji\u017e prob\u011bhnuv\u0161\u00edmi p\u0159\u00edpravami fotografa. Po uplynut\u00ed t\u00e9to lh\u016fty propad\u00e1 z\u00e1loha v pln\u00e9 v\u00fd\u0161i ve prosp\u011bch fotografa.<\/p><p>\u2013 V p\u0159\u00edpad\u011b, \u017ee se klient\/objednatel nedostav\u00ed na focen\u00ed v dohodnut\u00e9m term\u00ednu a \u010dase, vznik\u00e1 mu povinnost uhradit vzniklou \u0161kodu ve v\u00fd\u0161i pln\u00e9 \u010d\u00e1stky za fotografov\u00e1n\u00ed.<\/p><p>\u2013 Klient je povinen zru\u0161en\u00ed fotografov\u00e1n\u00ed ozn\u00e1mit minim\u00e1ln\u011b t\u00fdden (sedm dn\u016f) p\u0159ed datem focen\u00ed, neu\u010din\u00ed-li tak, vznik\u00e1 fotografovi n\u00e1rok na doplacen\u00ed pln\u00e9 \u010d\u00e1stky za fotografov\u00e1n\u00ed.<\/p><p>\u2013 Opozd\u00ed-li se klient o v\u00edce ne\u017e 20 minut bez p\u0159edchoz\u00ed omluvy, fotograf si vyhrazuje pr\u00e1vo fotografov\u00e1n\u00ed zru\u0161it a studio \u010di smluven\u00e9 m\u00edsto opustit, fotografovi vznik\u00e1 n\u00e1rok na doplacen\u00ed pln\u00e9 \u010d\u00e1stky za fotografov\u00e1n\u00ed.<\/p>\t\t\t\t\t\t<\/div>\n\t\t\t\t<\/div>\n\t\t\t\t<div class=\"elementor-element elementor-element-1f11232 elementor-widget elementor-widget-heading\" data-id=\"1f11232\" data-element_type=\"widget\" data-widget_type=\"heading.default\">\n\t\t\t\t<div class=\"elementor-widget-container\">\n\t\t\t<h4 class=\"elementor-heading-title elementor-size-default\">DOD\u00c1N\u00cd FOTOGRAFI\u00cd A DODAC\u00cd\nLH\u016eTA<\/h4>\t\t<\/div>\n\t\t\t\t<\/div>\n\t\t\t\t<div class=\"elementor-element elementor-element-4b7861b elementor-widget elementor-widget-text-editor\" data-id=\"4b7861b\" data-element_type=\"widget\" data-widget_type=\"text-editor.default\">\n\t\t\t\t<div class=\"elementor-widget-container\">\n\t\t\t\t\t\t\t<p>\u2013 Dodac\u00ed lh\u016fta hotov\u00fdch vyretu\u0161ovan\u00fdch fotografi\u00ed v elektronick\u00e9 podob\u011b je v z\u00e1kladu 21 dn\u016f ode dne, kdy prob\u011bhlo focen\u00ed<\/p><p>\u2013 P\u0159i objedn\u00e1vce s klientov\u00fdm v\u00fdb\u011brem fotografi\u00ed je 21denn\u00ed doba po\u010d\u00edt\u00e1na od data zasl\u00e1n\u00ed fotografi\u00ed k \u00faprav\u011b.<\/p><p>\u2013 Klientovi je poskytov\u00e1na mo\u017enost tzv. expresn\u00edho zhotoven\u00ed zak\u00e1zky v elektronick\u00e9 podob\u011b do 4 dn\u016f. Tato mo\u017enost znamen\u00e1 nav\u00fd\u0161en\u00ed celkov\u00e9 ceny bal\u00ed\u010dku o 1.000,- K\u010d, u svatebn\u00edch bal\u00ed\u010dk\u016f je nav\u00fd\u0161en\u00ed po\u010d\u00edt\u00e1no o 20% celkov\u00e9 ceny bal\u00ed\u010dku.<\/p><p>\u2013 V\u0161echny hotov\u00e9 upraven\u00e9 fotografie obdr\u017e\u00ed klient v pln\u00e9 velikosti ve form\u00e1tu JPG.<\/p><p>\u2013 Klientovi nen\u00ed poskytov\u00e1na mo\u017enost dod\u00e1n\u00ed neupraven\u00fdch fotografi\u00ed, ani po domluv\u011b.<\/p>\t\t\t\t\t\t<\/div>\n\t\t\t\t<\/div>\n\t\t\t\t<div class=\"elementor-element elementor-element-5b3253c elementor-widget elementor-widget-heading\" data-id=\"5b3253c\" data-element_type=\"widget\" data-widget_type=\"heading.default\">\n\t\t\t\t<div class=\"elementor-widget-container\">\n\t\t\t<h4 class=\"elementor-heading-title elementor-size-default\">N\u00c1HLEDY FOTOGRAFI\u00cd<\/h4>\t\t<\/div>\n\t\t\t\t<\/div>\n\t\t\t\t<div class=\"elementor-element elementor-element-931021c elementor-widget elementor-widget-text-editor\" data-id=\"931021c\" data-element_type=\"widget\" data-widget_type=\"text-editor.default\">\n\t\t\t\t<div class=\"elementor-widget-container\">\n\t\t\t\t\t\t\t<p>\u2013 V p\u0159\u00edpad\u011b, \u017ee jsou klientovi poskytov\u00e1ny n\u00e1hledy fotografi\u00ed, nen\u00ed bez souhlasu fotografa dle autorsk\u00e9ho z\u00e1kona \u010d. 121\/2000 sb. dovoleno tyto n\u00e1hledy kdekoli zve\u0159ej\u0148ovat, sd\u00edlet, ukl\u00e1dat, screenshovat a ani je d\u00e1le upravovat (jsou ve vlastnictv\u00ed fotografa a ur\u010deny v\u00fdhradn\u011b pro v\u00fdb\u011br k \u00faprav\u011b).<\/p><p>\u2013 N\u00e1hledy, je\u017e jsou zas\u00edl\u00e1ny, p\u0159edstavuj\u00ed nejzda\u0159ilej\u0161\u00ed z\u00e1b\u011bry z focen\u00ed a jejich v\u00fdb\u011br prov\u00e1d\u00ed v\u00fdhradn\u011b fotograf (v\u00fdb\u011br n\u00e1hled\u016f), jejich po\u010det nen\u00ed pevn\u011b stanoven, v\u017edy ale umo\u017e\u0148uje dostate\u010dn\u00fd v\u00fdb\u011br vzhledem ke zvolen\u00e9mu bal\u00ed\u010dku.\u00a0<\/p><p>\u2013 V\u00fdb\u011br k \u00faprav\u011b ode\u0161le klient zp\u011bt co nejd\u0159\u00edve, nejpozd\u011bji v\u0161ak do t\u00fddne od jejich obdr\u017een\u00ed.\u00a0<\/p><p>\u2013 Po dokon\u010den\u00ed zak\u00e1zky doch\u00e1z\u00ed ke smaz\u00e1n\u00ed vytvo\u0159en\u00e9 galerie s n\u00e1hledy.<\/p>\t\t\t\t\t\t<\/div>\n\t\t\t\t<\/div>\n\t\t\t\t<div class=\"elementor-element elementor-element-e7a2cbe elementor-widget elementor-widget-heading\" data-id=\"e7a2cbe\" data-element_type=\"widget\" data-widget_type=\"heading.default\">\n\t\t\t\t<div class=\"elementor-widget-container\">\n\t\t\t<h4 class=\"elementor-heading-title elementor-size-default\">VYVOL\u00c1N\u00cd FOTOGRAFI\u00cd, TISK A REKLAMACE<\/h4>\t\t<\/div>\n\t\t\t\t<\/div>\n\t\t\t\t<div class=\"elementor-element elementor-element-e6b4faa elementor-widget elementor-widget-text-editor\" data-id=\"e6b4faa\" data-element_type=\"widget\" data-widget_type=\"text-editor.default\">\n\t\t\t\t<div class=\"elementor-widget-container\">\n\t\t\t\t\t\t\t<p>\u2013 Klient je povinen sv\u00e9 p\u0159\u00edpadn\u00e9 p\u0159ipom\u00ednky k retu\u0161i sd\u011blit fotografovi neprodlen\u011b po tom, co si fotografie prohl\u00e9dnul, nejpozd\u011bji v\u0161ak do t\u0159\u00ed dn\u016f od doru\u010den\u00ed. K opo\u017ed\u011bn\u00fdm p\u0159ipom\u00ednk\u00e1m, kter\u00e9 budou fotografovi sd\u011bleny, nebude p\u0159ihl\u00e9dnuto. Klientovi tak zanik\u00e1 n\u00e1rok na zm\u011bny t\u011bchto fotografi\u00ed. \u00a0<\/p><p>\u2013 V\u0161echny tisky fotografi\u00ed prov\u00e1d\u00ed fotograf u ov\u011b\u0159en\u00e9ho extern\u00edho dodavatele.<\/p><p>\u2013 Reklamace ti\u0161t\u011bn\u00fdch fotografi\u00ed je mo\u017en\u00e1 pouze na z\u00e1klad\u011b viditeln\u00e9 tiskov\u00e9 chyby (\u0161kr\u00e1bance, pruhy a jin\u00e9 viditeln\u00e9 vady), nikoli v barevnosti \u010di sv\u011btlosti\/tmavosti dan\u00e9ho tisku.<\/p><p>\u2013 Nespokojenost a nesouhlas s fotografick\u00fdm stylem a autorsk\u00fdm pojet\u00edm fotografa nen\u00ed d\u016fvodem k reklamaci zak\u00e1zky.\u00a0<\/p><p>\u2013 Nen\u00ed p\u0159\u00edpustn\u00e1 reklamace z d\u016fvodu barevn\u00e9ho proveden\u00ed v\u00fdsledn\u00fdch fotografi\u00ed, o\u0159ezu fotografi\u00ed, \u010di p\u0159edstavy zpracov\u00e1n\u00ed fotek dle klienta, kter\u00e9 je zcela odli\u0161n\u00e9 od stylu fotografa.<\/p><p>\u2013 Za d\u016fvod reklamace nelze pova\u017eovat klientovu nespokojenost se sv\u00fdm vzhledem.<\/p><p>\u2013 Fotograf neodpov\u00edd\u00e1 klientovi za nedokonal\u00e9 v\u00fdsledky zavin\u011bn\u00e9 nevhodn\u00fdm po\u010das\u00edm, \u0161patn\u00fdmi sv\u011bteln\u00fdmi podm\u00ednkami nebo jin\u00fdmi okolnostmi, kter\u00e9 mu br\u00e1n\u00ed ve zhotoven\u00ed a dod\u00e1n\u00ed vy\u0161\u0161\u00ed kvality sn\u00edmk\u016f a kter\u00e9 nebyl schopen technicky a\/nebo um\u011blecky vykompenzovat nebo upravit, stejn\u011b jako za nedokonal\u00fd obsah zhotoven\u00fdch fotografi\u00ed v p\u0159\u00edpad\u011b, \u017ee mu budou ze strany fotografovan\u00fdch osob kladeny p\u0159ek\u00e1\u017eky.\u00a0<\/p><p>\u2013 Fotograf nen\u00ed povinen fotografovat v prostor\u00e1ch, kde je vyu\u017e\u00edvan\u00e1 sv\u011bteln\u00e1 technika (p\u0159edev\u0161\u00edm lasery) po\u0161kozuj\u00edc\u00ed sn\u00edma\u010d fotoapar\u00e1tu.\u00a0<\/p><p>\u2013 Objedn\u00e1n\u00ed fotografi\u00ed k retu\u0161i i k tisku je z\u00e1vazn\u00e9.<\/p><p>\u2013 Pokud se vzd\u00e1 ti\u0161t\u011bn\u00fdch fotografi\u00ed v r\u00e1mci zvolen\u00e9ho bal\u00ed\u010dku, nedoch\u00e1z\u00ed k \u00faprav\u011b ceny bal\u00ed\u010dku.<\/p>\t\t\t\t\t\t<\/div>\n\t\t\t\t<\/div>\n\t\t\t\t<div class=\"elementor-element elementor-element-6b1f066 elementor-widget elementor-widget-heading\" data-id=\"6b1f066\" data-element_type=\"widget\" data-widget_type=\"heading.default\">\n\t\t\t\t<div class=\"elementor-widget-container\">\n\t\t\t<h4 class=\"elementor-heading-title elementor-size-default\">N\u00c1HRADA \u0160KODY<\/h4>\t\t<\/div>\n\t\t\t\t<\/div>\n\t\t\t\t<div class=\"elementor-element elementor-element-70ae464 elementor-widget elementor-widget-text-editor\" data-id=\"70ae464\" data-element_type=\"widget\" data-widget_type=\"text-editor.default\">\n\t\t\t\t<div class=\"elementor-widget-container\">\n\t\t\t\t\t\t\t<p>\u2013 Klient je v pln\u00e9 v\u00fd\u0161i odpov\u011bdn\u00fd za \u0161kody j\u00edm zp\u016fsoben\u00e9 na vybaven\u00ed fotografa a je povinen nahradit vzniklou \u0161kodu v jej\u00ed pln\u00e9 v\u00fd\u0161i, a to v cen\u011b nikoliv \u010dasov\u00e9, ale v cen\u011b nov\u00e9ho vybaven\u00ed.<\/p><p>\u2013 V p\u0159\u00edpad\u011b fotografov\u00e1n\u00ed akc\u00ed je klient tak\u00e9 v pln\u00e9 v\u00fd\u0161i odpov\u011bdn\u00fd za \u0161kody zp\u016fsoben\u00e9 n\u00e1v\u0161t\u011bvn\u00edky a person\u00e1lem na vybaven\u00ed fotografa a je povinen nahradit vzniklou \u0161kodu v jej\u00ed pln\u00e9 v\u00fd\u0161i, a to v cen\u011b nikoliv \u010dasov\u00e9, ale v cen\u011b nov\u00e9ho vybaven\u00ed.<\/p>\t\t\t\t\t\t<\/div>\n\t\t\t\t<\/div>\n\t\t\t\t<div class=\"elementor-element elementor-element-f40b211 elementor-widget elementor-widget-heading\" data-id=\"f40b211\" data-element_type=\"widget\" data-widget_type=\"heading.default\">\n\t\t\t\t<div class=\"elementor-widget-container\">\n\t\t\t<h4 class=\"elementor-heading-title elementor-size-default\">ARCHIVACE FOTOGRAFI\u00cd<\/h4>\t\t<\/div>\n\t\t\t\t<\/div>\n\t\t\t\t<div class=\"elementor-element elementor-element-7a1afc9 elementor-widget elementor-widget-text-editor\" data-id=\"7a1afc9\" data-element_type=\"widget\" data-widget_type=\"text-editor.default\">\n\t\t\t\t<div class=\"elementor-widget-container\">\n\t\t\t\t\t\t\t<p>\u2013 Neupraven\u00e9 n\u00e1hledy se archivuj\u00ed po dobu 1 roku od zasl\u00e1n\u00ed v\u00fdb\u011bru.<\/p><p>\u2013 Upraven\u00e9 fotografie fotograf archivuje po dobu t\u0159\u00ed let. M\u016f\u017ee je tedy klientovy v t\u00e9to dob\u011b znovu zaslat elektronickou formou.<\/p>\t\t\t\t\t\t<\/div>\n\t\t\t\t<\/div>\n\t\t\t\t<div class=\"elementor-element elementor-element-a2d9ccb elementor-widget elementor-widget-heading\" data-id=\"a2d9ccb\" data-element_type=\"widget\" data-widget_type=\"heading.default\">\n\t\t\t\t<div class=\"elementor-widget-container\">\n\t\t\t<h4 class=\"elementor-heading-title elementor-size-default\">SOUHLAS S POSKYTNUT\u00cdM FOTOGRAFI\u00cd<\/h4>\t\t<\/div>\n\t\t\t\t<\/div>\n\t\t\t\t<div class=\"elementor-element elementor-element-5e4feac elementor-widget elementor-widget-text-editor\" data-id=\"5e4feac\" data-element_type=\"widget\" data-widget_type=\"text-editor.default\">\n\t\t\t\t<div class=\"elementor-widget-container\">\n\t\t\t\t\t\t\t<p>\u2013 Pokud si klient nep\u0159eje, aby jeho fotografie byly zve\u0159ejn\u011bny a pou\u017eity pro \u00fa\u010dely fotografovy prezentace, je nutn\u00e9 o tom fotografa p\u0159edem p\u00edsemn\u011b informovat. Pokud tak klient neu\u010din\u00ed, p\u0159edpokl\u00e1d\u00e1 se, \u017ee souhlas\u00ed se zve\u0159ejn\u011bn\u00edm sv\u00fdch fotografi\u00ed pro propaga\u010dn\u00ed \u00fa\u010dely fotografa.<\/p>\t\t\t\t\t\t<\/div>\n\t\t\t\t<\/div>\n\t\t\t\t<div class=\"elementor-element elementor-element-0f2c0ae elementor-widget elementor-widget-heading\" data-id=\"0f2c0ae\" data-element_type=\"widget\" data-widget_type=\"heading.default\">\n\t\t\t\t<div class=\"elementor-widget-container\">\n\t\t\t<h4 class=\"elementor-heading-title elementor-size-default\">AUTORSK\u00c1 A VLASTNICK\u00c1 PR\u00c1VA<\/h4>\t\t<\/div>\n\t\t\t\t<\/div>\n\t\t\t\t<div class=\"elementor-element elementor-element-d4276e3 elementor-widget elementor-widget-text-editor\" data-id=\"d4276e3\" data-element_type=\"widget\" data-widget_type=\"text-editor.default\">\n\t\t\t\t<div class=\"elementor-widget-container\">\n\t\t\t\t\t\t\t<p>\u2013 Klient sm\u00ed fotografie pou\u017e\u00edt pouze pro osobn\u00ed \u00fa\u010dely, nen\u00ed-li ve smlouv\u011b stanoveno jinak.<\/p><p>\u2013 Klientovi je zak\u00e1z\u00e1no fotku d\u00e1le jakkoli upravovat.<\/p><p>\u2013 Ve\u0161ker\u00e9 fotografie poskytnut\u00e9 klientovi jsou nad\u00e1le majetkem du\u0161evn\u00edho vlastnictv\u00ed fotografa a klient nen\u00ed opr\u00e1vn\u011bn s nimi nakl\u00e1dat pro komer\u010dn\u00ed \u00fa\u010dely a prodej t\u0159et\u00edm stran\u00e1m, ani\u017e by m\u011bl p\u00edsemn\u00fd souhlas fotografa.<\/p>\t\t\t\t\t\t<\/div>\n\t\t\t\t<\/div>\n\t\t\t\t\t<\/div>\n\t\t\t\t<\/div>\n\t\t\t\t<\/div>\n\t\t","protected":false},"excerpt":{"rendered":"<p>OBCHODN\u00cd PODM\u00cdNKY PLATN\u00c9 OD&nbsp; 24.10.2022Jan Vos\u00e1hlohello@janvosahlo.cz+420 730 674 135I\u010c 09052691Podnikatel je zaps\u00e1n v \u017eivnostensk\u00e9m rejst\u0159\u00edku m\u011bsta \u0160umperkNepl\u00e1tce DPH Z\u00c1KLADN\u00cd USTANOVEN\u00cd \u2013 Tyto obchodn\u00ed podm\u00ednky upravuj\u00ed vztahy mezi smluvn\u00edmi stranami, kdy na jedn\u00e9 stran\u011b je podnikatel Jan Vos\u00e1hlo, Kozinova 35\/5, \u0160umperk 787 01, jako zhotovitel\/poskytovatel d\u00edla nebo slu\u017eeb (d\u00e1le jen \u201efotograf\u201c) a na stran\u011b druh\u00e9 objednatel&#8230;<\/p>\n","protected":false},"author":1,"featured_media":0,"parent":0,"menu_order":0,"comment_status":"closed","ping_status":"closed","template":"","meta":{"footnotes":""},"_links":{"self":[{"href":"https:\/\/janvosahlo.com\/index.php\/wp-json\/wp\/v2\/pages\/1952"}],"collection":[{"href":"https:\/\/janvosahlo.com\/index.php\/wp-json\/wp\/v2\/pages"}],"about":[{"href":"https:\/\/janvosahlo.com\/index.php\/wp-json\/wp\/v2\/types\/page"}],"author":[{"embeddable":true,"href":"https:\/\/janvosahlo.com\/index.php\/wp-json\/wp\/v2\/users\/1"}],"replies":[{"embeddable":true,"href":"https:\/\/janvosahlo.com\/index.php\/wp-json\/wp\/v2\/comments?post=1952"}],"version-history":[{"count":41,"href":"https:\/\/janvosahlo.com\/index.php\/wp-json\/wp\/v2\/pages\/1952\/revisions"}],"predecessor-version":[{"id":2067,"href":"https:\/\/janvosahlo.com\/index.php\/wp-json\/wp\/v2\/pages\/1952\/revisions\/2067"}],"wp:attachment":[{"href":"https:\/\/janvosahlo.com\/index.php\/wp-json\/wp\/v2\/media?parent=1952"}],"curies":[{"name":"wp","href":"https:\/\/api.w.org\/{rel}","templated":true}]}}